{"id":8661,"date":"2025-10-31T19:30:24","date_gmt":"2025-10-31T19:30:24","guid":{"rendered":"https:\/\/conomad.es\/?post_type=product&#038;p=8661"},"modified":"2026-01-07T15:11:03","modified_gmt":"2026-01-07T15:11:03","slug":"open-space-open-gym-1-day","status":"publish","type":"product","link":"https:\/\/conomad.es\/en\/product\/open-space-open-gym-1-day\/","title":{"rendered":"Open Space + Open Gym &#8211; 1 Day"},"content":{"rendered":"<p>=&#8211; Wi-Fi de 700 mb\/s fibra \u00f3ptica<br \/>\n&#8211; Caf\u00e9, t\u00e9 y agua de filtro gratis<br \/>\n&#8211; Impresora<br \/>\n&#8211; Llave electr\u00f3nica para acceso 24\/7<br \/>\n&#8211; Pase de 1 d\u00eda para Endorfina Club<\/p>\n<p>Incluye 90 minutos de cabina privada *sujeto a disponibilidad*<\/p>\n<p>* el precio expresado incluye el 7% de IGIC<\/p>","protected":false},"excerpt":{"rendered":"<p>=&#8211; Wi-Fi de 700 mb\/s fibra \u00f3ptica &#8211; Caf\u00e9, t\u00e9 y agua de filtro gratis &#8211; Impresora &#8211; Llave electr\u00f3nica para acceso 24\/7&#8230;<\/p>","protected":false},"featured_media":8671,"template":"","meta":{"_acf_changed":false},"product_brand":[],"product_cat":[117,135],"product_tag":[],"mwb_booking_cost":[],"mwb_booking_service":[118,120,121],"class_list":{"0":"post-8661","1":"product","2":"type-product","3":"status-publish","4":"has-post-thumbnail","6":"product_cat-booking","7":"product_cat-open-space","8":"mwb_booking_service-screen-1-day","9":"mwb_booking_service-chair-1-day","10":"mwb_booking_service-meeting-room-1-day","12":"first","13":"onbackorder","14":"virtual","15":"purchasable","16":"product-type-mwb_booking"},"acf":[],"yoast_head":"<!-- This site is optimized with the Yoast SEO plugin v26.6 - https:\/\/yoast.com\/wordpress\/plugins\/seo\/ -->\n<title>Open Space + Open Gym - 1 Day - Conomad<\/title>\n<meta name=\"robots\" content=\"index, follow, max-snippet:-1, max-image-preview:large, max-video-preview:-1\" \/>\n<link rel=\"canonical\" href=\"https:\/\/conomad.es\/en\/product\/open-space-open-gym-1-day\/\" \/>\n<meta property=\"og:locale\" content=\"en_GB\" \/>\n<meta property=\"og:type\" content=\"article\" \/>\n<meta property=\"og:title\" content=\"Open Space + Open Gym - 1 Day - Conomad\" \/>\n<meta property=\"og:description\" content=\"=&#8211; Wi-Fi de 700 mb\/s fibra \u00f3ptica &#8211; Caf\u00e9, t\u00e9 y agua de filtro gratis &#8211; Impresora &#8211; Llave electr\u00f3nica para acceso 24\/7...\" \/>\n<meta property=\"og:url\" content=\"https:\/\/conomad.es\/en\/product\/open-space-open-gym-1-day\/\" \/>\n<meta property=\"og:site_name\" content=\"Conomad\" \/>\n<meta property=\"article:publisher\" content=\"https:\/\/www.facebook.com\/CoNomad\/\" \/>\n<meta property=\"article:modified_time\" content=\"2026-01-07T15:11:03+00:00\" \/>\n<meta property=\"og:image\" content=\"https:\/\/conomad.es\/wp-content\/uploads\/2025\/10\/WhatsApp-Image-2025-10-27-at-5.52.55-PM.jpeg\" \/>\n\t<meta property=\"og:image:width\" content=\"739\" \/>\n\t<meta property=\"og:image:height\" content=\"1306\" \/>\n\t<meta property=\"og:image:type\" content=\"image\/jpeg\" \/>\n<meta name=\"twitter:card\" content=\"summary_large_image\" \/>\n<meta name=\"twitter:label1\" content=\"Estimated reading time\" \/>\n\t<meta name=\"twitter:data1\" content=\"1 minute\" \/>\n<script type=\"application\/ld+json\" class=\"yoast-schema-graph\">{\"@context\":\"https:\/\/schema.org\",\"@graph\":[{\"@type\":\"WebPage\",\"@id\":\"https:\/\/conomad.es\/producto\/open-space-open-gym-1-day\/\",\"url\":\"https:\/\/conomad.es\/producto\/open-space-open-gym-1-day\/\",\"name\":\"Open Space + Open Gym - 1 Day - Conomad\",\"isPartOf\":{\"@id\":\"https:\/\/conomad.es\/#website\"},\"primaryImageOfPage\":{\"@id\":\"https:\/\/conomad.es\/producto\/open-space-open-gym-1-day\/#primaryimage\"},\"image\":{\"@id\":\"https:\/\/conomad.es\/producto\/open-space-open-gym-1-day\/#primaryimage\"},\"thumbnailUrl\":\"https:\/\/conomad.es\/wp-content\/uploads\/2025\/10\/WhatsApp-Image-2025-10-27-at-5.52.55-PM.jpeg\",\"datePublished\":\"2025-10-31T19:30:24+00:00\",\"dateModified\":\"2026-01-07T15:11:03+00:00\",\"breadcrumb\":{\"@id\":\"https:\/\/conomad.es\/producto\/open-space-open-gym-1-day\/#breadcrumb\"},\"inLanguage\":\"en-GB\",\"potentialAction\":[{\"@type\":\"ReadAction\",\"target\":[\"https:\/\/conomad.es\/producto\/open-space-open-gym-1-day\/\"]}]},{\"@type\":\"ImageObject\",\"inLanguage\":\"en-GB\",\"@id\":\"https:\/\/conomad.es\/producto\/open-space-open-gym-1-day\/#primaryimage\",\"url\":\"https:\/\/conomad.es\/wp-content\/uploads\/2025\/10\/WhatsApp-Image-2025-10-27-at-5.52.55-PM.jpeg\",\"contentUrl\":\"https:\/\/conomad.es\/wp-content\/uploads\/2025\/10\/WhatsApp-Image-2025-10-27-at-5.52.55-PM.jpeg\",\"width\":739,\"height\":1306},{\"@type\":\"BreadcrumbList\",\"@id\":\"https:\/\/conomad.es\/producto\/open-space-open-gym-1-day\/#breadcrumb\",\"itemListElement\":[{\"@type\":\"ListItem\",\"position\":1,\"name\":\"Portada\",\"item\":\"https:\/\/conomad.es\/\"},{\"@type\":\"ListItem\",\"position\":2,\"name\":\"Productos\",\"item\":\"https:\/\/conomad.es\/shop\/\"},{\"@type\":\"ListItem\",\"position\":3,\"name\":\"Open Space + Open Gym &#8211; 1 Day\"}]},{\"@type\":\"WebSite\",\"@id\":\"https:\/\/conomad.es\/#website\",\"url\":\"https:\/\/conomad.es\/\",\"name\":\"Conomad.es\",\"description\":\"Espacios y paquetes dise\u00f1ados para n\u00f3madas digitales en Fuerteventura\",\"publisher\":{\"@id\":\"https:\/\/conomad.es\/#organization\"},\"potentialAction\":[{\"@type\":\"SearchAction\",\"target\":{\"@type\":\"EntryPoint\",\"urlTemplate\":\"https:\/\/conomad.es\/?s={search_term_string}\"},\"query-input\":{\"@type\":\"PropertyValueSpecification\",\"valueRequired\":true,\"valueName\":\"search_term_string\"}}],\"inLanguage\":\"en-GB\"},{\"@type\":\"Organization\",\"@id\":\"https:\/\/conomad.es\/#organization\",\"name\":\"CoNomad Fuerteventura\",\"url\":\"https:\/\/conomad.es\/\",\"logo\":{\"@type\":\"ImageObject\",\"inLanguage\":\"en-GB\",\"@id\":\"https:\/\/conomad.es\/#\/schema\/logo\/image\/\",\"url\":\"https:\/\/conomad.es\/wp-content\/uploads\/2025\/02\/LOGO-CONOMAD-1-1.png\",\"contentUrl\":\"https:\/\/conomad.es\/wp-content\/uploads\/2025\/02\/LOGO-CONOMAD-1-1.png\",\"width\":1499,\"height\":1499,\"caption\":\"CoNomad Fuerteventura\"},\"image\":{\"@id\":\"https:\/\/conomad.es\/#\/schema\/logo\/image\/\"},\"sameAs\":[\"https:\/\/www.facebook.com\/CoNomad\/\",\"https:\/\/www.instagram.com\/conomad.es\/\"]}]}<\/script>\n<!-- \/ Yoast SEO plugin. -->","yoast_head_json":{"title":"Open Space + Open Gym - 1 Day - Conomad","robots":{"index":"index","follow":"follow","max-snippet":"max-snippet:-1","max-image-preview":"max-image-preview:large","max-video-preview":"max-video-preview:-1"},"canonical":"https:\/\/conomad.es\/en\/product\/open-space-open-gym-1-day\/","og_locale":"en_GB","og_type":"article","og_title":"Open Space + Open Gym - 1 Day - Conomad","og_description":"=&#8211; Wi-Fi de 700 mb\/s fibra \u00f3ptica &#8211; Caf\u00e9, t\u00e9 y agua de filtro gratis &#8211; Impresora &#8211; Llave electr\u00f3nica para acceso 24\/7...","og_url":"https:\/\/conomad.es\/en\/product\/open-space-open-gym-1-day\/","og_site_name":"Conomad","article_publisher":"https:\/\/www.facebook.com\/CoNomad\/","article_modified_time":"2026-01-07T15:11:03+00:00","og_image":[{"width":739,"height":1306,"url":"https:\/\/conomad.es\/wp-content\/uploads\/2025\/10\/WhatsApp-Image-2025-10-27-at-5.52.55-PM.jpeg","type":"image\/jpeg"}],"twitter_card":"summary_large_image","twitter_misc":{"Estimated reading time":"1 minute"},"schema":{"@context":"https:\/\/schema.org","@graph":[{"@type":"WebPage","@id":"https:\/\/conomad.es\/producto\/open-space-open-gym-1-day\/","url":"https:\/\/conomad.es\/producto\/open-space-open-gym-1-day\/","name":"Open Space + Open Gym - 1 Day - Conomad","isPartOf":{"@id":"https:\/\/conomad.es\/#website"},"primaryImageOfPage":{"@id":"https:\/\/conomad.es\/producto\/open-space-open-gym-1-day\/#primaryimage"},"image":{"@id":"https:\/\/conomad.es\/producto\/open-space-open-gym-1-day\/#primaryimage"},"thumbnailUrl":"https:\/\/conomad.es\/wp-content\/uploads\/2025\/10\/WhatsApp-Image-2025-10-27-at-5.52.55-PM.jpeg","datePublished":"2025-10-31T19:30:24+00:00","dateModified":"2026-01-07T15:11:03+00:00","breadcrumb":{"@id":"https:\/\/conomad.es\/producto\/open-space-open-gym-1-day\/#breadcrumb"},"inLanguage":"en-GB","potentialAction":[{"@type":"ReadAction","target":["https:\/\/conomad.es\/producto\/open-space-open-gym-1-day\/"]}]},{"@type":"ImageObject","inLanguage":"en-GB","@id":"https:\/\/conomad.es\/producto\/open-space-open-gym-1-day\/#primaryimage","url":"https:\/\/conomad.es\/wp-content\/uploads\/2025\/10\/WhatsApp-Image-2025-10-27-at-5.52.55-PM.jpeg","contentUrl":"https:\/\/conomad.es\/wp-content\/uploads\/2025\/10\/WhatsApp-Image-2025-10-27-at-5.52.55-PM.jpeg","width":739,"height":1306},{"@type":"BreadcrumbList","@id":"https:\/\/conomad.es\/producto\/open-space-open-gym-1-day\/#breadcrumb","itemListElement":[{"@type":"ListItem","position":1,"name":"Portada","item":"https:\/\/conomad.es\/"},{"@type":"ListItem","position":2,"name":"Productos","item":"https:\/\/conomad.es\/shop\/"},{"@type":"ListItem","position":3,"name":"Open Space + Open Gym &#8211; 1 Day"}]},{"@type":"WebSite","@id":"https:\/\/conomad.es\/#website","url":"https:\/\/conomad.es\/","name":"Conomad.es","description":"Espacios y paquetes dise\u00f1ados para n\u00f3madas digitales en Fuerteventura","publisher":{"@id":"https:\/\/conomad.es\/#organization"},"potentialAction":[{"@type":"SearchAction","target":{"@type":"EntryPoint","urlTemplate":"https:\/\/conomad.es\/?s={search_term_string}"},"query-input":{"@type":"PropertyValueSpecification","valueRequired":true,"valueName":"search_term_string"}}],"inLanguage":"en-GB"},{"@type":"Organization","@id":"https:\/\/conomad.es\/#organization","name":"CoNomad Fuerteventura","url":"https:\/\/conomad.es\/","logo":{"@type":"ImageObject","inLanguage":"en-GB","@id":"https:\/\/conomad.es\/#\/schema\/logo\/image\/","url":"https:\/\/conomad.es\/wp-content\/uploads\/2025\/02\/LOGO-CONOMAD-1-1.png","contentUrl":"https:\/\/conomad.es\/wp-content\/uploads\/2025\/02\/LOGO-CONOMAD-1-1.png","width":1499,"height":1499,"caption":"CoNomad Fuerteventura"},"image":{"@id":"https:\/\/conomad.es\/#\/schema\/logo\/image\/"},"sameAs":["https:\/\/www.facebook.com\/CoNomad\/","https:\/\/www.instagram.com\/conomad.es\/"]}]}},"_links":{"self":[{"href":"https:\/\/conomad.es\/en\/wp-json\/wp\/v2\/product\/8661","targetHints":{"allow":["GET"]}}],"collection":[{"href":"https:\/\/conomad.es\/en\/wp-json\/wp\/v2\/product"}],"about":[{"href":"https:\/\/conomad.es\/en\/wp-json\/wp\/v2\/types\/product"}],"wp:featuredmedia":[{"embeddable":true,"href":"https:\/\/conomad.es\/en\/wp-json\/wp\/v2\/media\/8671"}],"wp:attachment":[{"href":"https:\/\/conomad.es\/en\/wp-json\/wp\/v2\/media?parent=8661"}],"wp:term":[{"taxonomy":"product_brand","embeddable":true,"href":"https:\/\/conomad.es\/en\/wp-json\/wp\/v2\/product_brand?post=8661"},{"taxonomy":"product_cat","embeddable":true,"href":"https:\/\/conomad.es\/en\/wp-json\/wp\/v2\/product_cat?post=8661"},{"taxonomy":"product_tag","embeddable":true,"href":"https:\/\/conomad.es\/en\/wp-json\/wp\/v2\/product_tag?post=8661"},{"taxonomy":"mwb_booking_cost","embeddable":true,"href":"https:\/\/conomad.es\/en\/wp-json\/wp\/v2\/mwb_booking_cost?post=8661"},{"taxonomy":"mwb_booking_service","embeddable":true,"href":"https:\/\/conomad.es\/en\/wp-json\/wp\/v2\/mwb_booking_service?post=8661"}],"curies":[{"name":"wp","href":"https:\/\/api.w.org\/{rel}","templated":true}]}}