{"id":8660,"date":"2025-10-31T19:12:02","date_gmt":"2025-10-31T19:12:02","guid":{"rendered":"https:\/\/conomad.es\/?post_type=product&#038;p=8660"},"modified":"2026-01-22T16:09:17","modified_gmt":"2026-01-22T16:09:17","slug":"private-cabin-1-month","status":"publish","type":"product","link":"https:\/\/conomad.es\/en\/product\/private-cabin-1-month\/","title":{"rendered":"Private Cabin &#8211; 1 month"},"content":{"rendered":"<p>Oficina privada con una silla ergon\u00f3mica incluida y pantalla extra opcional.<\/p>\n<p>&nbsp;<\/p>\n<p>Por favor selecciona tu fecha de check-in \u00fanicamente. La duraci\u00f3n de la reserva es de un mes.<\/p>\n<p>* el precio expresado incluye el 7% de IGIC<\/p>","protected":false},"excerpt":{"rendered":"<p>Oficina privada con una silla ergon\u00f3mica incluida y pantalla extra opcional. &nbsp; Por favor selecciona tu fecha de check-in \u00fanicamente. La duraci\u00f3n de&#8230;<\/p>","protected":false},"featured_media":8345,"template":"","meta":{"_acf_changed":false},"product_brand":[],"product_cat":[117,136],"product_tag":[],"mwb_booking_cost":[133,134],"mwb_booking_service":[125,126],"class_list":{"0":"post-8660","1":"product","2":"type-product","3":"status-publish","4":"has-post-thumbnail","6":"product_cat-booking","7":"product_cat-private-cabin","8":"mwb_booking_cost-screen-1-month","9":"mwb_booking_cost-chair-1-month","10":"mwb_booking_service-screen-1-month","11":"mwb_booking_service-chair-1-month","13":"first","14":"outofstock","15":"virtual","16":"purchasable","17":"product-type-mwb_booking"},"acf":[],"yoast_head":"<!-- This site is optimized with the Yoast SEO plugin v26.6 - https:\/\/yoast.com\/wordpress\/plugins\/seo\/ -->\n<title>Private Cabin - 1 month - Conomad<\/title>\n<meta name=\"robots\" content=\"index, follow, max-snippet:-1, max-image-preview:large, max-video-preview:-1\" \/>\n<link rel=\"canonical\" href=\"https:\/\/conomad.es\/en\/product\/private-cabin-1-month\/\" \/>\n<meta property=\"og:locale\" content=\"en_GB\" \/>\n<meta property=\"og:type\" content=\"article\" \/>\n<meta property=\"og:title\" content=\"Private Cabin - 1 month - Conomad\" \/>\n<meta property=\"og:description\" content=\"Oficina privada con una silla ergon\u00f3mica incluida y pantalla extra opcional. &nbsp; Por favor selecciona tu fecha de check-in \u00fanicamente. La duraci\u00f3n de...\" \/>\n<meta property=\"og:url\" content=\"https:\/\/conomad.es\/en\/product\/private-cabin-1-month\/\" \/>\n<meta property=\"og:site_name\" content=\"Conomad\" \/>\n<meta property=\"article:publisher\" content=\"https:\/\/www.facebook.com\/CoNomad\/\" \/>\n<meta property=\"article:modified_time\" content=\"2026-01-22T16:09:17+00:00\" \/>\n<meta property=\"og:image\" content=\"https:\/\/conomad.es\/wp-content\/uploads\/2025\/08\/coworking_01-1.jpg\" \/>\n\t<meta property=\"og:image:width\" content=\"800\" \/>\n\t<meta property=\"og:image:height\" content=\"1200\" \/>\n\t<meta property=\"og:image:type\" content=\"image\/jpeg\" \/>\n<meta name=\"twitter:card\" content=\"summary_large_image\" \/>\n<meta name=\"twitter:label1\" content=\"Estimated reading time\" \/>\n\t<meta name=\"twitter:data1\" content=\"1 minute\" \/>\n<script type=\"application\/ld+json\" class=\"yoast-schema-graph\">{\"@context\":\"https:\/\/schema.org\",\"@graph\":[{\"@type\":\"WebPage\",\"@id\":\"https:\/\/conomad.es\/producto\/private-cabin-1-month\/\",\"url\":\"https:\/\/conomad.es\/producto\/private-cabin-1-month\/\",\"name\":\"Private Cabin - 1 month - Conomad\",\"isPartOf\":{\"@id\":\"https:\/\/conomad.es\/#website\"},\"primaryImageOfPage\":{\"@id\":\"https:\/\/conomad.es\/producto\/private-cabin-1-month\/#primaryimage\"},\"image\":{\"@id\":\"https:\/\/conomad.es\/producto\/private-cabin-1-month\/#primaryimage\"},\"thumbnailUrl\":\"https:\/\/conomad.es\/wp-content\/uploads\/2025\/08\/coworking_01-1.jpg\",\"datePublished\":\"2025-10-31T19:12:02+00:00\",\"dateModified\":\"2026-01-22T16:09:17+00:00\",\"breadcrumb\":{\"@id\":\"https:\/\/conomad.es\/producto\/private-cabin-1-month\/#breadcrumb\"},\"inLanguage\":\"en-GB\",\"potentialAction\":[{\"@type\":\"ReadAction\",\"target\":[\"https:\/\/conomad.es\/producto\/private-cabin-1-month\/\"]}]},{\"@type\":\"ImageObject\",\"inLanguage\":\"en-GB\",\"@id\":\"https:\/\/conomad.es\/producto\/private-cabin-1-month\/#primaryimage\",\"url\":\"https:\/\/conomad.es\/wp-content\/uploads\/2025\/08\/coworking_01-1.jpg\",\"contentUrl\":\"https:\/\/conomad.es\/wp-content\/uploads\/2025\/08\/coworking_01-1.jpg\",\"width\":800,\"height\":1200,\"caption\":\"coworking 01 (1)\"},{\"@type\":\"BreadcrumbList\",\"@id\":\"https:\/\/conomad.es\/producto\/private-cabin-1-month\/#breadcrumb\",\"itemListElement\":[{\"@type\":\"ListItem\",\"position\":1,\"name\":\"Portada\",\"item\":\"https:\/\/conomad.es\/\"},{\"@type\":\"ListItem\",\"position\":2,\"name\":\"Productos\",\"item\":\"https:\/\/conomad.es\/shop\/\"},{\"@type\":\"ListItem\",\"position\":3,\"name\":\"Private Cabin &#8211; 1 month\"}]},{\"@type\":\"WebSite\",\"@id\":\"https:\/\/conomad.es\/#website\",\"url\":\"https:\/\/conomad.es\/\",\"name\":\"Conomad.es\",\"description\":\"Espacios y paquetes dise\u00f1ados para n\u00f3madas digitales en Fuerteventura\",\"publisher\":{\"@id\":\"https:\/\/conomad.es\/#organization\"},\"potentialAction\":[{\"@type\":\"SearchAction\",\"target\":{\"@type\":\"EntryPoint\",\"urlTemplate\":\"https:\/\/conomad.es\/?s={search_term_string}\"},\"query-input\":{\"@type\":\"PropertyValueSpecification\",\"valueRequired\":true,\"valueName\":\"search_term_string\"}}],\"inLanguage\":\"en-GB\"},{\"@type\":\"Organization\",\"@id\":\"https:\/\/conomad.es\/#organization\",\"name\":\"CoNomad Fuerteventura\",\"url\":\"https:\/\/conomad.es\/\",\"logo\":{\"@type\":\"ImageObject\",\"inLanguage\":\"en-GB\",\"@id\":\"https:\/\/conomad.es\/#\/schema\/logo\/image\/\",\"url\":\"https:\/\/conomad.es\/wp-content\/uploads\/2025\/02\/LOGO-CONOMAD-1-1.png\",\"contentUrl\":\"https:\/\/conomad.es\/wp-content\/uploads\/2025\/02\/LOGO-CONOMAD-1-1.png\",\"width\":1499,\"height\":1499,\"caption\":\"CoNomad Fuerteventura\"},\"image\":{\"@id\":\"https:\/\/conomad.es\/#\/schema\/logo\/image\/\"},\"sameAs\":[\"https:\/\/www.facebook.com\/CoNomad\/\",\"https:\/\/www.instagram.com\/conomad.es\/\"]}]}<\/script>\n<!-- \/ Yoast SEO plugin. -->","yoast_head_json":{"title":"Private Cabin - 1 month - Conomad","robots":{"index":"index","follow":"follow","max-snippet":"max-snippet:-1","max-image-preview":"max-image-preview:large","max-video-preview":"max-video-preview:-1"},"canonical":"https:\/\/conomad.es\/en\/product\/private-cabin-1-month\/","og_locale":"en_GB","og_type":"article","og_title":"Private Cabin - 1 month - Conomad","og_description":"Oficina privada con una silla ergon\u00f3mica incluida y pantalla extra opcional. &nbsp; Por favor selecciona tu fecha de check-in \u00fanicamente. La duraci\u00f3n de...","og_url":"https:\/\/conomad.es\/en\/product\/private-cabin-1-month\/","og_site_name":"Conomad","article_publisher":"https:\/\/www.facebook.com\/CoNomad\/","article_modified_time":"2026-01-22T16:09:17+00:00","og_image":[{"width":800,"height":1200,"url":"https:\/\/conomad.es\/wp-content\/uploads\/2025\/08\/coworking_01-1.jpg","type":"image\/jpeg"}],"twitter_card":"summary_large_image","twitter_misc":{"Estimated reading time":"1 minute"},"schema":{"@context":"https:\/\/schema.org","@graph":[{"@type":"WebPage","@id":"https:\/\/conomad.es\/producto\/private-cabin-1-month\/","url":"https:\/\/conomad.es\/producto\/private-cabin-1-month\/","name":"Private Cabin - 1 month - Conomad","isPartOf":{"@id":"https:\/\/conomad.es\/#website"},"primaryImageOfPage":{"@id":"https:\/\/conomad.es\/producto\/private-cabin-1-month\/#primaryimage"},"image":{"@id":"https:\/\/conomad.es\/producto\/private-cabin-1-month\/#primaryimage"},"thumbnailUrl":"https:\/\/conomad.es\/wp-content\/uploads\/2025\/08\/coworking_01-1.jpg","datePublished":"2025-10-31T19:12:02+00:00","dateModified":"2026-01-22T16:09:17+00:00","breadcrumb":{"@id":"https:\/\/conomad.es\/producto\/private-cabin-1-month\/#breadcrumb"},"inLanguage":"en-GB","potentialAction":[{"@type":"ReadAction","target":["https:\/\/conomad.es\/producto\/private-cabin-1-month\/"]}]},{"@type":"ImageObject","inLanguage":"en-GB","@id":"https:\/\/conomad.es\/producto\/private-cabin-1-month\/#primaryimage","url":"https:\/\/conomad.es\/wp-content\/uploads\/2025\/08\/coworking_01-1.jpg","contentUrl":"https:\/\/conomad.es\/wp-content\/uploads\/2025\/08\/coworking_01-1.jpg","width":800,"height":1200,"caption":"coworking 01 (1)"},{"@type":"BreadcrumbList","@id":"https:\/\/conomad.es\/producto\/private-cabin-1-month\/#breadcrumb","itemListElement":[{"@type":"ListItem","position":1,"name":"Portada","item":"https:\/\/conomad.es\/"},{"@type":"ListItem","position":2,"name":"Productos","item":"https:\/\/conomad.es\/shop\/"},{"@type":"ListItem","position":3,"name":"Private Cabin &#8211; 1 month"}]},{"@type":"WebSite","@id":"https:\/\/conomad.es\/#website","url":"https:\/\/conomad.es\/","name":"Conomad.es","description":"Espacios y paquetes dise\u00f1ados para n\u00f3madas digitales en Fuerteventura","publisher":{"@id":"https:\/\/conomad.es\/#organization"},"potentialAction":[{"@type":"SearchAction","target":{"@type":"EntryPoint","urlTemplate":"https:\/\/conomad.es\/?s={search_term_string}"},"query-input":{"@type":"PropertyValueSpecification","valueRequired":true,"valueName":"search_term_string"}}],"inLanguage":"en-GB"},{"@type":"Organization","@id":"https:\/\/conomad.es\/#organization","name":"CoNomad Fuerteventura","url":"https:\/\/conomad.es\/","logo":{"@type":"ImageObject","inLanguage":"en-GB","@id":"https:\/\/conomad.es\/#\/schema\/logo\/image\/","url":"https:\/\/conomad.es\/wp-content\/uploads\/2025\/02\/LOGO-CONOMAD-1-1.png","contentUrl":"https:\/\/conomad.es\/wp-content\/uploads\/2025\/02\/LOGO-CONOMAD-1-1.png","width":1499,"height":1499,"caption":"CoNomad Fuerteventura"},"image":{"@id":"https:\/\/conomad.es\/#\/schema\/logo\/image\/"},"sameAs":["https:\/\/www.facebook.com\/CoNomad\/","https:\/\/www.instagram.com\/conomad.es\/"]}]}},"_links":{"self":[{"href":"https:\/\/conomad.es\/en\/wp-json\/wp\/v2\/product\/8660","targetHints":{"allow":["GET"]}}],"collection":[{"href":"https:\/\/conomad.es\/en\/wp-json\/wp\/v2\/product"}],"about":[{"href":"https:\/\/conomad.es\/en\/wp-json\/wp\/v2\/types\/product"}],"wp:featuredmedia":[{"embeddable":true,"href":"https:\/\/conomad.es\/en\/wp-json\/wp\/v2\/media\/8345"}],"wp:attachment":[{"href":"https:\/\/conomad.es\/en\/wp-json\/wp\/v2\/media?parent=8660"}],"wp:term":[{"taxonomy":"product_brand","embeddable":true,"href":"https:\/\/conomad.es\/en\/wp-json\/wp\/v2\/product_brand?post=8660"},{"taxonomy":"product_cat","embeddable":true,"href":"https:\/\/conomad.es\/en\/wp-json\/wp\/v2\/product_cat?post=8660"},{"taxonomy":"product_tag","embeddable":true,"href":"https:\/\/conomad.es\/en\/wp-json\/wp\/v2\/product_tag?post=8660"},{"taxonomy":"mwb_booking_cost","embeddable":true,"href":"https:\/\/conomad.es\/en\/wp-json\/wp\/v2\/mwb_booking_cost?post=8660"},{"taxonomy":"mwb_booking_service","embeddable":true,"href":"https:\/\/conomad.es\/en\/wp-json\/wp\/v2\/mwb_booking_service?post=8660"}],"curies":[{"name":"wp","href":"https:\/\/api.w.org\/{rel}","templated":true}]}}