{"id":5643,"date":"2022-04-29T16:49:43","date_gmt":"2022-04-29T16:49:43","guid":{"rendered":"http:\/\/s411330916.mialojamiento.es\/contact\/"},"modified":"2024-04-09T15:17:34","modified_gmt":"2024-04-09T15:17:34","slug":"contact","status":"publish","type":"page","link":"https:\/\/conomad.es\/en\/contact\/","title":{"rendered":"Contact"},"content":{"rendered":"<div data-elementor-type=\"wp-page\" data-elementor-id=\"5643\" class=\"elementor elementor-5643\">\n\t\t\t\t\t\t<section class=\"elementor-section elementor-top-section elementor-element elementor-element-e813ac5 elementor-section-full_width elementor-section-height-default elementor-section-height-default wpr-particle-no wpr-jarallax-no wpr-parallax-no wpr-sticky-section-no\" data-id=\"e813ac5\" data-element_type=\"section\">\n\t\t\t\t\t\t<div class=\"elementor-container elementor-column-gap-default\">\n\t\t\t\t\t<div class=\"elementor-column elementor-col-100 elementor-top-column elementor-element elementor-element-85f379e\" data-id=\"85f379e\" data-element_type=\"column\">\n\t\t\t<div class=\"elementor-widget-wrap elementor-element-populated\">\n\t\t\t\t\t\t<div class=\"elementor-element elementor-element-3b0b42a elementor-widget elementor-widget-google_maps\" data-id=\"3b0b42a\" data-element_type=\"widget\" data-widget_type=\"google_maps.default\">\n\t\t\t\t<div class=\"elementor-widget-container\">\n\t\t\t\t\t\t\t<div class=\"elementor-custom-embed\">\n\t\t\t<iframe loading=\"lazy\"\n\t\t\t\t\tsrc=\"https:\/\/maps.google.com\/maps?q=Avenida%20Juan%20Carlos%20I%2C%203%20Corralejo%2C%20Las%20palmas&#038;t=m&#038;z=18&#038;output=embed&#038;iwloc=near\"\n\t\t\t\t\ttitle=\"Avenida Juan Carlos I, 3 Corralejo, Las palmas\"\n\t\t\t\t\taria-label=\"Avenida Juan Carlos I, 3 Corralejo, Las palmas\"\n\t\t\t><\/iframe>\n\t\t<\/div>\n\t\t\t\t\t\t<\/div>\n\t\t\t\t<\/div>\n\t\t\t\t\t<\/div>\n\t\t<\/div>\n\t\t\t\t\t<\/div>\n\t\t<\/section>\n\t\t\t\t<section class=\"elementor-section elementor-top-section elementor-element elementor-element-55872c4 elementor-section-boxed elementor-section-height-default elementor-section-height-default wpr-particle-no wpr-jarallax-no wpr-parallax-no wpr-sticky-section-no\" data-id=\"55872c4\" data-element_type=\"section\">\n\t\t\t\t\t\t<div class=\"elementor-container elementor-column-gap-default\">\n\t\t\t\t\t<div class=\"elementor-column elementor-col-50 elementor-top-column elementor-element elementor-element-12da250\" data-id=\"12da250\" data-element_type=\"column\">\n\t\t\t<div class=\"elementor-widget-wrap elementor-element-populated\">\n\t\t\t\t\t\t<div class=\"elementor-element elementor-element-1e14240 elementor-widget elementor-widget-heading\" data-id=\"1e14240\" data-element_type=\"widget\" data-widget_type=\"heading.default\">\n\t\t\t\t<div class=\"elementor-widget-container\">\n\t\t\t\t\t<h1 class=\"elementor-heading-title elementor-size-default\">Contact<\/h1>\t\t\t\t<\/div>\n\t\t\t\t<\/div>\n\t\t\t\t<div class=\"elementor-element elementor-element-b4ee29b elementor-widget elementor-widget-text-editor\" data-id=\"b4ee29b\" data-element_type=\"widget\" data-widget_type=\"text-editor.default\">\n\t\t\t\t<div class=\"elementor-widget-container\">\n\t\t\t\t\t\t\t\t\t<span style=\"font-family: Roboto, sans-serif; font-size: 19px; font-style: normal; font-weight: 300;\">Si vous \u00eates entr\u00e9 sur cette page, c&#8217;est parce qu&#8217;il y a quelque chose qui vous pr\u00e9occupe. Si vous avez des doutes sur votre r\u00e9servation ou souhaitez nous proposer quelque chose, nous sommes l\u00e0 pour vous \u00e9couter.\nVous recevrez une r\u00e9ponse dans les 48 heures ouvrables.\t\t\t\t\t\t\t\t<\/div>\n\t\t\t\t<\/div>\n\t\t\t\t<section class=\"elementor-section elementor-inner-section elementor-element elementor-element-4da1444 elementor-section-boxed elementor-section-height-default elementor-section-height-default wpr-particle-no wpr-jarallax-no wpr-parallax-no wpr-sticky-section-no\" data-id=\"4da1444\" data-element_type=\"section\">\n\t\t\t\t\t\t<div class=\"elementor-container elementor-column-gap-no\">\n\t\t\t\t\t<div class=\"elementor-column elementor-col-50 elementor-inner-column elementor-element elementor-element-1f75e45\" data-id=\"1f75e45\" data-element_type=\"column\">\n\t\t\t<div class=\"elementor-widget-wrap elementor-element-populated\">\n\t\t\t\t\t\t<div class=\"elementor-element elementor-element-7723da1 elementor-view-default elementor-widget elementor-widget-icon\" data-id=\"7723da1\" data-element_type=\"widget\" data-widget_type=\"icon.default\">\n\t\t\t\t<div class=\"elementor-widget-container\">\n\t\t\t\t\t\t\t<div class=\"elementor-icon-wrapper\">\n\t\t\t<div class=\"elementor-icon\">\n\t\t\t<i aria-hidden=\"true\" class=\"fas fa-map-marker-alt\"><\/i>\t\t\t<\/div>\n\t\t<\/div>\n\t\t\t\t\t\t<\/div>\n\t\t\t\t<\/div>\n\t\t\t\t\t<\/div>\n\t\t<\/div>\n\t\t\t\t<div class=\"elementor-column elementor-col-50 elementor-inner-column elementor-element elementor-element-0649c6a\" data-id=\"0649c6a\" data-element_type=\"column\">\n\t\t\t<div class=\"elementor-widget-wrap elementor-element-populated\">\n\t\t\t\t\t\t<div class=\"elementor-element elementor-element-e88e5cd elementor-widget elementor-widget-text-editor\" data-id=\"e88e5cd\" data-element_type=\"widget\" data-widget_type=\"text-editor.default\">\n\t\t\t\t<div class=\"elementor-widget-container\">\n\t\t\t\t\t\t\t\t\t<span style=\"font-family: Roboto, sans-serif; font-size: 19px; font-style: normal; font-weight: 300;\">Av. Juan Carlos I, N\u00ba3, 35660, Corralejo, Fuerteventura.\t\t\t\t\t\t\t\t<\/div>\n\t\t\t\t<\/div>\n\t\t\t\t\t<\/div>\n\t\t<\/div>\n\t\t\t\t\t<\/div>\n\t\t<\/section>\n\t\t\t\t<section class=\"elementor-section elementor-inner-section elementor-element elementor-element-eeb2b3c elementor-section-boxed elementor-section-height-default elementor-section-height-default wpr-particle-no wpr-jarallax-no wpr-parallax-no wpr-sticky-section-no\" data-id=\"eeb2b3c\" data-element_type=\"section\">\n\t\t\t\t\t\t<div class=\"elementor-container elementor-column-gap-no\">\n\t\t\t\t\t<div class=\"elementor-column elementor-col-50 elementor-inner-column elementor-element elementor-element-57b3960\" data-id=\"57b3960\" data-element_type=\"column\">\n\t\t\t<div class=\"elementor-widget-wrap elementor-element-populated\">\n\t\t\t\t\t\t<div class=\"elementor-element elementor-element-6750fd6 elementor-view-default elementor-widget elementor-widget-icon\" data-id=\"6750fd6\" data-element_type=\"widget\" data-widget_type=\"icon.default\">\n\t\t\t\t<div class=\"elementor-widget-container\">\n\t\t\t\t\t\t\t<div class=\"elementor-icon-wrapper\">\n\t\t\t<div class=\"elementor-icon\">\n\t\t\t<i aria-hidden=\"true\" class=\"far fa-envelope\"><\/i>\t\t\t<\/div>\n\t\t<\/div>\n\t\t\t\t\t\t<\/div>\n\t\t\t\t<\/div>\n\t\t\t\t\t<\/div>\n\t\t<\/div>\n\t\t\t\t<div class=\"elementor-column elementor-col-50 elementor-inner-column elementor-element elementor-element-1e16774\" data-id=\"1e16774\" data-element_type=\"column\">\n\t\t\t<div class=\"elementor-widget-wrap elementor-element-populated\">\n\t\t\t\t\t\t<div class=\"elementor-element elementor-element-67eb3a5 elementor-widget elementor-widget-text-editor\" data-id=\"67eb3a5\" data-element_type=\"widget\" data-widget_type=\"text-editor.default\">\n\t\t\t\t<div class=\"elementor-widget-container\">\n\t\t\t\t\t\t\t\t\t<p><span style=\"font-family: Roboto, sans-serif; font-size: 19px; font-style: normal; font-weight: 300;\">hola@s411330916.mialojamiento.es<\/span><\/p>\t\t\t\t\t\t\t\t<\/div>\n\t\t\t\t<\/div>\n\t\t\t\t\t<\/div>\n\t\t<\/div>\n\t\t\t\t\t<\/div>\n\t\t<\/section>\n\t\t\t\t<section class=\"elementor-section elementor-inner-section elementor-element elementor-element-531a0b9 elementor-section-boxed elementor-section-height-default elementor-section-height-default wpr-particle-no wpr-jarallax-no wpr-parallax-no wpr-sticky-section-no\" data-id=\"531a0b9\" data-element_type=\"section\">\n\t\t\t\t\t\t<div class=\"elementor-container elementor-column-gap-no\">\n\t\t\t\t\t<div class=\"elementor-column elementor-col-50 elementor-inner-column elementor-element elementor-element-1c0b53a\" data-id=\"1c0b53a\" data-element_type=\"column\">\n\t\t\t<div class=\"elementor-widget-wrap elementor-element-populated\">\n\t\t\t\t\t\t<div class=\"elementor-element elementor-element-bb9d4af elementor-view-default elementor-widget elementor-widget-icon\" data-id=\"bb9d4af\" data-element_type=\"widget\" data-widget_type=\"icon.default\">\n\t\t\t\t<div class=\"elementor-widget-container\">\n\t\t\t\t\t\t\t<div class=\"elementor-icon-wrapper\">\n\t\t\t<div class=\"elementor-icon\">\n\t\t\t<i aria-hidden=\"true\" class=\"fas fa-phone-volume\"><\/i>\t\t\t<\/div>\n\t\t<\/div>\n\t\t\t\t\t\t<\/div>\n\t\t\t\t<\/div>\n\t\t\t\t\t<\/div>\n\t\t<\/div>\n\t\t\t\t<div class=\"elementor-column elementor-col-50 elementor-inner-column elementor-element elementor-element-0569049\" data-id=\"0569049\" data-element_type=\"column\">\n\t\t\t<div class=\"elementor-widget-wrap elementor-element-populated\">\n\t\t\t\t\t\t<div class=\"elementor-element elementor-element-2fc2c51 elementor-widget elementor-widget-text-editor\" data-id=\"2fc2c51\" data-element_type=\"widget\" data-widget_type=\"text-editor.default\">\n\t\t\t\t<div class=\"elementor-widget-container\">\n\t\t\t\t\t\t\t\t\t<span style=\"font-family: Roboto, sans-serif; font-size: 19px; font-style: normal; font-weight: 300;\">+34 671 02 67 16\t\t\t\t\t\t\t\t<\/div>\n\t\t\t\t<\/div>\n\t\t\t\t\t<\/div>\n\t\t<\/div>\n\t\t\t\t\t<\/div>\n\t\t<\/section>\n\t\t\t\t<section class=\"elementor-section elementor-inner-section elementor-element elementor-element-1eaedc3 elementor-section-boxed elementor-section-height-default elementor-section-height-default wpr-particle-no wpr-jarallax-no wpr-parallax-no wpr-sticky-section-no\" data-id=\"1eaedc3\" data-element_type=\"section\">\n\t\t\t\t\t\t<div class=\"elementor-container elementor-column-gap-no\">\n\t\t\t\t\t<div class=\"elementor-column elementor-col-50 elementor-inner-column elementor-element elementor-element-c84e67a\" data-id=\"c84e67a\" data-element_type=\"column\">\n\t\t\t<div class=\"elementor-widget-wrap elementor-element-populated\">\n\t\t\t\t\t\t<div class=\"elementor-element elementor-element-2a8d190 elementor-view-default elementor-widget elementor-widget-icon\" data-id=\"2a8d190\" data-element_type=\"widget\" data-widget_type=\"icon.default\">\n\t\t\t\t<div class=\"elementor-widget-container\">\n\t\t\t\t\t\t\t<div class=\"elementor-icon-wrapper\">\n\t\t\t<div class=\"elementor-icon\">\n\t\t\t<i aria-hidden=\"true\" class=\"fab fa-instagram\"><\/i>\t\t\t<\/div>\n\t\t<\/div>\n\t\t\t\t\t\t<\/div>\n\t\t\t\t<\/div>\n\t\t\t\t\t<\/div>\n\t\t<\/div>\n\t\t\t\t<div class=\"elementor-column elementor-col-50 elementor-inner-column elementor-element elementor-element-a98744f\" data-id=\"a98744f\" data-element_type=\"column\">\n\t\t\t<div class=\"elementor-widget-wrap elementor-element-populated\">\n\t\t\t\t\t\t<div class=\"elementor-element elementor-element-4a51a7f elementor-widget elementor-widget-text-editor\" data-id=\"4a51a7f\" data-element_type=\"widget\" data-widget_type=\"text-editor.default\">\n\t\t\t\t<div class=\"elementor-widget-container\">\n\t\t\t\t\t\t\t\t\t<p><span style=\"font-family: Roboto, sans-serif; font-size: 19px; font-style: normal; font-weight: 300; color: #ff6600;\"><a style=\"color: #ff6600;\" href=\"https:\/\/www.instagram.com\/conomad.es\/\" rel=\"nofollow\">@conomad.e<\/a>s<\/span><\/p>\t\t\t\t\t\t\t\t<\/div>\n\t\t\t\t<\/div>\n\t\t\t\t\t<\/div>\n\t\t<\/div>\n\t\t\t\t\t<\/div>\n\t\t<\/section>\n\t\t\t\t\t<\/div>\n\t\t<\/div>\n\t\t\t\t<div class=\"elementor-column elementor-col-50 elementor-top-column elementor-element elementor-element-7fc0e87\" data-id=\"7fc0e87\" data-element_type=\"column\" data-settings=\"{&quot;background_background&quot;:&quot;classic&quot;}\">\n\t\t\t<div class=\"elementor-widget-wrap elementor-element-populated\">\n\t\t\t\t\t<div class=\"elementor-background-overlay\"><\/div>\n\t\t\t\t\t\t<div class=\"elementor-element elementor-element-509b808 elementor-widget elementor-widget-heading\" data-id=\"509b808\" data-element_type=\"widget\" data-widget_type=\"heading.default\">\n\t\t\t\t<div class=\"elementor-widget-container\">\n\t\t\t\t\t<h2 class=\"elementor-heading-title elementor-size-default\">Formulaire<\/h2>\t\t\t\t<\/div>\n\t\t\t\t<\/div>\n\t\t\t\t\t<\/div>\n\t\t<\/div>\n\t\t\t\t\t<\/div>\n\t\t<\/section>\n\t\t\t\t<\/div>","protected":false},"excerpt":{"rendered":"<p>Contact Si vous \u00eates entr\u00e9 sur cette page, c&#8217;est parce qu&#8217;il y a quelque chose qui vous pr\u00e9occupe. Si vous avez des doutes&#8230;<\/p>","protected":false},"author":2,"featured_media":0,"parent":0,"menu_order":0,"comment_status":"closed","ping_status":"closed","template":"","meta":{"_acf_changed":false,"footnotes":""},"class_list":["post-5643","page","type-page","status-publish","hentry"],"acf":[],"yoast_head":"<!-- This site is optimized with the Yoast SEO plugin v26.6 - https:\/\/yoast.com\/wordpress\/plugins\/seo\/ -->\n<title>Contact - Conomad<\/title>\n<meta name=\"robots\" content=\"index, follow, max-snippet:-1, max-image-preview:large, max-video-preview:-1\" \/>\n<link rel=\"canonical\" href=\"https:\/\/conomad.es\/en\/contact\/\" \/>\n<meta property=\"og:locale\" content=\"en_GB\" \/>\n<meta property=\"og:type\" content=\"article\" \/>\n<meta property=\"og:title\" content=\"Contact - Conomad\" \/>\n<meta property=\"og:description\" content=\"Contact Si vous \u00eates entr\u00e9 sur cette page, c&#8217;est parce qu&#8217;il y a quelque chose qui vous pr\u00e9occupe. Si vous avez des doutes...\" \/>\n<meta property=\"og:url\" content=\"https:\/\/conomad.es\/en\/contact\/\" \/>\n<meta property=\"og:site_name\" content=\"Conomad\" \/>\n<meta property=\"article:publisher\" content=\"https:\/\/www.facebook.com\/CoNomad\/\" \/>\n<meta property=\"article:modified_time\" content=\"2024-04-09T15:17:34+00:00\" \/>\n<meta name=\"twitter:card\" content=\"summary_large_image\" \/>\n<meta name=\"twitter:label1\" content=\"Estimated reading time\" \/>\n\t<meta name=\"twitter:data1\" content=\"1 minute\" \/>\n<script type=\"application\/ld+json\" class=\"yoast-schema-graph\">{\"@context\":\"https:\/\/schema.org\",\"@graph\":[{\"@type\":\"WebPage\",\"@id\":\"https:\/\/conomad.es\/contact\/\",\"url\":\"https:\/\/conomad.es\/contact\/\",\"name\":\"Contact - Conomad\",\"isPartOf\":{\"@id\":\"https:\/\/conomad.es\/#website\"},\"datePublished\":\"2022-04-29T16:49:43+00:00\",\"dateModified\":\"2024-04-09T15:17:34+00:00\",\"breadcrumb\":{\"@id\":\"https:\/\/conomad.es\/contact\/#breadcrumb\"},\"inLanguage\":\"en-GB\",\"potentialAction\":[{\"@type\":\"ReadAction\",\"target\":[\"https:\/\/conomad.es\/contact\/\"]}]},{\"@type\":\"BreadcrumbList\",\"@id\":\"https:\/\/conomad.es\/contact\/#breadcrumb\",\"itemListElement\":[{\"@type\":\"ListItem\",\"position\":1,\"name\":\"Portada\",\"item\":\"https:\/\/conomad.es\/\"},{\"@type\":\"ListItem\",\"position\":2,\"name\":\"Contact\"}]},{\"@type\":\"WebSite\",\"@id\":\"https:\/\/conomad.es\/#website\",\"url\":\"https:\/\/conomad.es\/\",\"name\":\"Conomad.es\",\"description\":\"Espacios y paquetes dise\u00f1ados para n\u00f3madas digitales en Fuerteventura\",\"publisher\":{\"@id\":\"https:\/\/conomad.es\/#organization\"},\"potentialAction\":[{\"@type\":\"SearchAction\",\"target\":{\"@type\":\"EntryPoint\",\"urlTemplate\":\"https:\/\/conomad.es\/?s={search_term_string}\"},\"query-input\":{\"@type\":\"PropertyValueSpecification\",\"valueRequired\":true,\"valueName\":\"search_term_string\"}}],\"inLanguage\":\"en-GB\"},{\"@type\":\"Organization\",\"@id\":\"https:\/\/conomad.es\/#organization\",\"name\":\"CoNomad Fuerteventura\",\"url\":\"https:\/\/conomad.es\/\",\"logo\":{\"@type\":\"ImageObject\",\"inLanguage\":\"en-GB\",\"@id\":\"https:\/\/conomad.es\/#\/schema\/logo\/image\/\",\"url\":\"https:\/\/conomad.es\/wp-content\/uploads\/2025\/02\/LOGO-CONOMAD-1-1.png\",\"contentUrl\":\"https:\/\/conomad.es\/wp-content\/uploads\/2025\/02\/LOGO-CONOMAD-1-1.png\",\"width\":1499,\"height\":1499,\"caption\":\"CoNomad Fuerteventura\"},\"image\":{\"@id\":\"https:\/\/conomad.es\/#\/schema\/logo\/image\/\"},\"sameAs\":[\"https:\/\/www.facebook.com\/CoNomad\/\",\"https:\/\/www.instagram.com\/conomad.es\/\"]}]}<\/script>\n<!-- \/ Yoast SEO plugin. -->","yoast_head_json":{"title":"Contact - Conomad","robots":{"index":"index","follow":"follow","max-snippet":"max-snippet:-1","max-image-preview":"max-image-preview:large","max-video-preview":"max-video-preview:-1"},"canonical":"https:\/\/conomad.es\/en\/contact\/","og_locale":"en_GB","og_type":"article","og_title":"Contact - Conomad","og_description":"Contact Si vous \u00eates entr\u00e9 sur cette page, c&#8217;est parce qu&#8217;il y a quelque chose qui vous pr\u00e9occupe. Si vous avez des doutes...","og_url":"https:\/\/conomad.es\/en\/contact\/","og_site_name":"Conomad","article_publisher":"https:\/\/www.facebook.com\/CoNomad\/","article_modified_time":"2024-04-09T15:17:34+00:00","twitter_card":"summary_large_image","twitter_misc":{"Estimated reading time":"1 minute"},"schema":{"@context":"https:\/\/schema.org","@graph":[{"@type":"WebPage","@id":"https:\/\/conomad.es\/contact\/","url":"https:\/\/conomad.es\/contact\/","name":"Contact - Conomad","isPartOf":{"@id":"https:\/\/conomad.es\/#website"},"datePublished":"2022-04-29T16:49:43+00:00","dateModified":"2024-04-09T15:17:34+00:00","breadcrumb":{"@id":"https:\/\/conomad.es\/contact\/#breadcrumb"},"inLanguage":"en-GB","potentialAction":[{"@type":"ReadAction","target":["https:\/\/conomad.es\/contact\/"]}]},{"@type":"BreadcrumbList","@id":"https:\/\/conomad.es\/contact\/#breadcrumb","itemListElement":[{"@type":"ListItem","position":1,"name":"Portada","item":"https:\/\/conomad.es\/"},{"@type":"ListItem","position":2,"name":"Contact"}]},{"@type":"WebSite","@id":"https:\/\/conomad.es\/#website","url":"https:\/\/conomad.es\/","name":"Conomad.es","description":"Espacios y paquetes dise\u00f1ados para n\u00f3madas digitales en Fuerteventura","publisher":{"@id":"https:\/\/conomad.es\/#organization"},"potentialAction":[{"@type":"SearchAction","target":{"@type":"EntryPoint","urlTemplate":"https:\/\/conomad.es\/?s={search_term_string}"},"query-input":{"@type":"PropertyValueSpecification","valueRequired":true,"valueName":"search_term_string"}}],"inLanguage":"en-GB"},{"@type":"Organization","@id":"https:\/\/conomad.es\/#organization","name":"CoNomad Fuerteventura","url":"https:\/\/conomad.es\/","logo":{"@type":"ImageObject","inLanguage":"en-GB","@id":"https:\/\/conomad.es\/#\/schema\/logo\/image\/","url":"https:\/\/conomad.es\/wp-content\/uploads\/2025\/02\/LOGO-CONOMAD-1-1.png","contentUrl":"https:\/\/conomad.es\/wp-content\/uploads\/2025\/02\/LOGO-CONOMAD-1-1.png","width":1499,"height":1499,"caption":"CoNomad Fuerteventura"},"image":{"@id":"https:\/\/conomad.es\/#\/schema\/logo\/image\/"},"sameAs":["https:\/\/www.facebook.com\/CoNomad\/","https:\/\/www.instagram.com\/conomad.es\/"]}]}},"_links":{"self":[{"href":"https:\/\/conomad.es\/en\/wp-json\/wp\/v2\/pages\/5643","targetHints":{"allow":["GET"]}}],"collection":[{"href":"https:\/\/conomad.es\/en\/wp-json\/wp\/v2\/pages"}],"about":[{"href":"https:\/\/conomad.es\/en\/wp-json\/wp\/v2\/types\/page"}],"author":[{"embeddable":true,"href":"https:\/\/conomad.es\/en\/wp-json\/wp\/v2\/users\/2"}],"replies":[{"embeddable":true,"href":"https:\/\/conomad.es\/en\/wp-json\/wp\/v2\/comments?post=5643"}],"version-history":[{"count":10,"href":"https:\/\/conomad.es\/en\/wp-json\/wp\/v2\/pages\/5643\/revisions"}],"predecessor-version":[{"id":7192,"href":"https:\/\/conomad.es\/en\/wp-json\/wp\/v2\/pages\/5643\/revisions\/7192"}],"wp:attachment":[{"href":"https:\/\/conomad.es\/en\/wp-json\/wp\/v2\/media?parent=5643"}],"curies":[{"name":"wp","href":"https:\/\/api.w.org\/{rel}","templated":true}]}}