{"id":5590,"date":"2022-04-21T16:46:46","date_gmt":"2022-04-21T16:46:46","guid":{"rendered":"http:\/\/s411330916.mialojamiento.es\/coliving\/"},"modified":"2024-04-09T15:57:27","modified_gmt":"2024-04-09T15:57:27","slug":"coliving-5","status":"publish","type":"page","link":"https:\/\/conomad.es\/en\/coliving-5\/","title":{"rendered":"Coliving"},"content":{"rendered":"<h4>Apartamentos Full equipados<\/h4>\n<p>                                                                En nuestros apartamentos encontrar\u00e1s todo lo que necesites, desde lavavajillas a cafetera.<\/p>\n<h4>Comunidad<\/h4>\n<p>                                                                \u00danete a nuestra comunidad de N\u00f3madas digitales y disfruta de todas las ventajas: eventos, excursiones, descuentos..<\/p>\n<h4>Experiencias<\/h4>\n<p>                                                                Te ofrecemos todo tipo de experiencias adaptadas a todos los gustos, Surf, kitesurf, yoga, gastronom\u00eda.<\/p>\n<h4>Eventos<\/h4>\n<p>                                                                Reserva tus mi\u00e9rcoles para el mejor evento de N\u00f3madas digitales de Fuerteventura en nuestro Roof Chillout<\/p>\n<h1>Esperienza nomade digitale a Fuerteventura<\/h1>\n<h2>\n<h3 data-elementor-setting-key=\"title\" data-pen-placeholder=\"Teclea aqu\u00ed...\" style=\"font-family: Roboto, sans-serif; font-weight: 300; font-style: normal; font-size: 2.6rem; color: rgb(0, 0, 0); text-align: center;\">Lavora e vivi.<\/h3>\n<\/h2>\n<h1>Collaborare<\/h1>\n<p>Questo potrebbe essere il tuo nuovo spazio di lavoro. Pensaci.<\/p>\n<p>\t\t\t\t\t\t\t\t\t\t\t\t\t\t\t<img loading=\"lazy\" decoding=\"async\" width=\"400\" height=\"600\" src=\"https:\/\/conomad.es\/wp-content\/uploads\/2021\/11\/coworking_01.jpg\" alt=\"\" srcset=\"https:\/\/conomad.es\/wp-content\/uploads\/2021\/11\/coworking_01.jpg 400w, https:\/\/conomad.es\/wp-content\/uploads\/2021\/11\/coworking_01-200x300.jpg 200w\" sizes=\"auto, (max-width: 400px) 100vw, 400px\" \/>\t\t\t\t\t\t\t\t\t\t\t\t\t\t\t<\/p>\n<h2>Uffici personali.<\/h2>\n<p>Puoi avere il tuo ufficio completamente attrezzato con orari 24\/7<\/p>\n<p>\t\t\t\t\t\t\t\t\t\t\t\t\t\t\t<img loading=\"lazy\" decoding=\"async\" width=\"400\" height=\"600\" src=\"https:\/\/conomad.es\/wp-content\/uploads\/2021\/11\/coworking_02.jpg\" alt=\"\" srcset=\"https:\/\/conomad.es\/wp-content\/uploads\/2021\/11\/coworking_02.jpg 400w, https:\/\/conomad.es\/wp-content\/uploads\/2021\/11\/coworking_02-200x300.jpg 200w\" sizes=\"auto, (max-width: 400px) 100vw, 400px\" \/>\t\t\t\t\t\t\t\t\t\t\t\t\t\t\t<\/p>\n<h2>Area di coworking.<\/h2>\n<p>Area comune con tutto il necessario per lavorare in squadra.<\/p>\n<p>\t\t\t\t\t\t\t\t\t\t\t\t\t\t\t<img loading=\"lazy\" decoding=\"async\" width=\"400\" height=\"600\" src=\"https:\/\/conomad.es\/wp-content\/uploads\/2021\/11\/coworking_03.jpg\" alt=\"\" srcset=\"https:\/\/conomad.es\/wp-content\/uploads\/2021\/11\/coworking_03.jpg 400w, https:\/\/conomad.es\/wp-content\/uploads\/2021\/11\/coworking_03-200x300.jpg 200w\" sizes=\"auto, (max-width: 400px) 100vw, 400px\" \/>\t\t\t\t\t\t\t\t\t\t\t\t\t\t\t<\/p>\n<h2>Il tetto opera aperta.<\/h2>\n<p>Terrazza sul tetto adattata per lavorare all&#8217;aperto con tutti i comfort.<\/p>\n<h1>Coliving<br \/>\n<\/h1>\n<h2>Scegli la sistemazione pi\u00f9 adatta al tuo stile di vita.<\/h2>\n<\/p>\n<p>Hai gi\u00e0 scelto il luogo, Fuerteventura. Ora non ti resta che decidere quale alloggio ti piace di pi\u00f9 per vivere questa esperienza di Digital Nomad.<\/p>\n<p>\t\t\t\t\t\t\t\t\t\t\t\t\t\t\t\t<a href=\"https:\/\/conomad.es\/en\/coliving\/bristol-sunset-beach\/\"><br \/>\n\t\t\t\t\t\t\t<img loading=\"lazy\" decoding=\"async\" width=\"400\" height=\"600\" src=\"https:\/\/conomad.es\/wp-content\/uploads\/2021\/10\/alojamiento_01.jpg\" alt=\"\" srcset=\"https:\/\/conomad.es\/wp-content\/uploads\/2021\/10\/alojamiento_01.jpg 400w, https:\/\/conomad.es\/wp-content\/uploads\/2021\/10\/alojamiento_01-200x300.jpg 200w\" sizes=\"auto, (max-width: 400px) 100vw, 400px\" \/>\t\t\t\t\t\t\t\t<\/a><\/p>\n<h2 style=\"font-size: 32px;\">Spiaggia al tramonto di Bristol<\/h2>\n<p>Appartamenti completamente attrezzati, garantendo il massimo comfort.<br \/>\n\t\t\t<a href=\"https:\/\/conomad.es\/en\/coliving\/bristol-sunset-beach\/\" role=\"button\"><br \/>\n\t\t\t\t\t\t+ Informazione<br \/>\n\t\t\t\t\t<\/a><br \/>\n\t\t\t\t\t\t\t\t\t\t\t\t\t\t\t\t<a href=\"https:\/\/conomad.es\/en\/it\/coliving\/shambhala\/\"><br \/>\n\t\t\t\t\t\t\t<img loading=\"lazy\" decoding=\"async\" width=\"400\" height=\"600\" src=\"https:\/\/conomad.es\/wp-content\/uploads\/2021\/10\/alojamiento_02.jpg\" alt=\"\" srcset=\"https:\/\/conomad.es\/wp-content\/uploads\/2021\/10\/alojamiento_02.jpg 400w, https:\/\/conomad.es\/wp-content\/uploads\/2021\/10\/alojamiento_02-200x300.jpg 200w\" sizes=\"auto, (max-width: 400px) 100vw, 400px\" \/>\t\t\t\t\t\t\t\t<\/a><\/p>\n<h2 style=\"font-size: 32px;\">Shambhala Fuerteventura<\/h2>\n<p> Appartamenti con le migliori viste in un ambiente pi\u00f9 rilassato.<br \/>\n\t\t\t<a href=\"https:\/\/conomad.es\/en\/it\/coliving\/shambhala\/\" role=\"button\"><br \/>\n\t\t\t\t\t\t+ informazione<br \/>\n\t\t\t\t\t<\/a><br \/>\n\t\t\t\t\t\t\t\t\t\t\t\t\t\t\t\t<a href=\"https:\/\/conomad.es\/en\/it\/coliving\/villas-holiday-home\/\"><br \/>\n\t\t\t\t\t\t\t<img loading=\"lazy\" decoding=\"async\" width=\"400\" height=\"600\" src=\"https:\/\/conomad.es\/wp-content\/uploads\/2022\/02\/alojamiento_03.jpg\" alt=\"\" srcset=\"https:\/\/conomad.es\/wp-content\/uploads\/2022\/02\/alojamiento_03.jpg 400w, https:\/\/conomad.es\/wp-content\/uploads\/2022\/02\/alojamiento_03-200x300.jpg 200w\" sizes=\"auto, (max-width: 400px) 100vw, 400px\" \/>\t\t\t\t\t\t\t\t<\/a><\/p>\n<h2 style=\"font-size: 32px;\">Casa Vacanze<\/h2>\n<p>Dai monolocali con vista mare alle ville con piscina privata.<br \/>\n\t\t\t<a href=\"https:\/\/conomad.es\/en\/it\/coliving\/villas-holiday-home\/\" role=\"button\"><br \/>\n\t\t\t\t\t\t+ informazione<br \/>\n\t\t\t\t\t<\/a><\/p>\n<figure><img loading=\"lazy\" decoding=\"async\" width=\"64\" height=\"64\" src=\"https:\/\/conomad.es\/wp-content\/uploads\/2022\/02\/full_equip.svg\" alt=\"\" \/><\/figure>\n<h3>Appartamenti completamente attrezzati<\/h3>\n<p>Tutto ci\u00f2 di cui hai bisogno nella tua nuova casa, sentiti a casa.<\/p>\n<figure><img loading=\"lazy\" decoding=\"async\" width=\"64\" height=\"64\" src=\"https:\/\/conomad.es\/wp-content\/uploads\/2022\/02\/pool_icon.svg\" alt=\"\" \/><\/figure>\n<h3>Pool<\/h3>\n<p>Quel tuffo tra incontro e incontro \u00e8 quasi obbligatorio.<\/p>\n<figure><img loading=\"lazy\" decoding=\"async\" width=\"64\" height=\"64\" src=\"https:\/\/conomad.es\/wp-content\/uploads\/2022\/02\/sport_room_icon.svg\" alt=\"\" \/><\/figure>\n<h3>sala sportiva<\/h3>\n<p>Abbiamo professionisti che ti guideranno nella tua formazione.<\/p>\n<figure><img loading=\"lazy\" decoding=\"async\" width=\"64\" height=\"64\" src=\"https:\/\/conomad.es\/wp-content\/uploads\/2022\/02\/coworking_icon.svg\" alt=\"\" \/><\/figure>\n<h3>Collaborare<\/h3>\n<p>Uffici privati, spazi comuni e open space per lavorare.<\/p>\n<figure><img loading=\"lazy\" decoding=\"async\" width=\"64\" height=\"64\" src=\"https:\/\/conomad.es\/wp-content\/uploads\/2022\/02\/limpieza_semanal_icon.svg\" alt=\"\" \/><\/figure>\n<h3>Pulizia settimanale<\/h3>\n<p>Una preoccupazione in meno, ci pensiamo noi.<\/p>\n<figure><img loading=\"lazy\" decoding=\"async\" width=\"64\" height=\"64\" src=\"https:\/\/conomad.es\/wp-content\/uploads\/2022\/02\/sun_icon.svg\" alt=\"\" \/><\/figure>\n<h3>Clima caldo tutto l&#8217;anno<\/h3>\n<p>Il clima di Fuerteventura ti invita ad uscire, condividere e connetterti.<\/p>\n<p>\t\t\t\t\t\t\t<a href=\"https:\/\/conomad.es\/wp-content\/uploads\/2021\/10\/coliving.jpg\" data-elementor-open-lightbox=\"yes\" data-elementor-lightbox-slideshow=\"all-ba99ed6\" data-elementor-lightbox-title=\"coliving\" e-action-hash=\"#elementor-action%3Aaction%3Dlightbox%26settings%3DeyJpZCI6MTk4OSwidXJsIjoiaHR0cHM6XC9cL2Nvbm9tYWQuZXNcL3dwLWNvbnRlbnRcL3VwbG9hZHNcLzIwMjFcLzEwXC9jb2xpdmluZy5qcGciLCJzbGlkZXNob3ciOiJhbGwtYmE5OWVkNiJ9\"><br \/>\n\t\t\t\t\t\t\t\t\t\t\t\t\t\t<\/a><br \/>\n\t\t\t\t\t\t\t<a href=\"https:\/\/conomad.es\/wp-content\/uploads\/2020\/07\/conomad-3.jpg\" data-elementor-open-lightbox=\"yes\" data-elementor-lightbox-slideshow=\"all-ba99ed6\" data-elementor-lightbox-title=\"conomad-3\" e-action-hash=\"#elementor-action%3Aaction%3Dlightbox%26settings%3DeyJpZCI6MTkxOSwidXJsIjoiaHR0cHM6XC9cL2Nvbm9tYWQuZXNcL3dwLWNvbnRlbnRcL3VwbG9hZHNcLzIwMjBcLzA3XC9jb25vbWFkLTMuanBnIiwic2xpZGVzaG93IjoiYWxsLWJhOTllZDYifQ%3D%3D\"><br \/>\n\t\t\t\t\t\t\t\t\t\t\t\t\t\t<\/a><br \/>\n\t\t\t\t\t\t\t<a href=\"https:\/\/conomad.es\/wp-content\/uploads\/2020\/07\/conomad-4.jpg\" data-elementor-open-lightbox=\"yes\" data-elementor-lightbox-slideshow=\"all-ba99ed6\" data-elementor-lightbox-title=\"conomad-4\" e-action-hash=\"#elementor-action%3Aaction%3Dlightbox%26settings%3DeyJpZCI6MTkyMCwidXJsIjoiaHR0cHM6XC9cL2Nvbm9tYWQuZXNcL3dwLWNvbnRlbnRcL3VwbG9hZHNcLzIwMjBcLzA3XC9jb25vbWFkLTQuanBnIiwic2xpZGVzaG93IjoiYWxsLWJhOTllZDYifQ%3D%3D\"><br \/>\n\t\t\t\t\t\t\t\t\t\t\t\t\t\t<\/a><br \/>\n\t\t\t\t\t\t\t<a href=\"https:\/\/conomad.es\/wp-content\/uploads\/2020\/07\/conomad-5.jpg\" data-elementor-open-lightbox=\"yes\" data-elementor-lightbox-slideshow=\"all-ba99ed6\" data-elementor-lightbox-title=\"conomad-5\" e-action-hash=\"#elementor-action%3Aaction%3Dlightbox%26settings%3DeyJpZCI6MTkyMSwidXJsIjoiaHR0cHM6XC9cL2Nvbm9tYWQuZXNcL3dwLWNvbnRlbnRcL3VwbG9hZHNcLzIwMjBcLzA3XC9jb25vbWFkLTUuanBnIiwic2xpZGVzaG93IjoiYWxsLWJhOTllZDYifQ%3D%3D\"><br \/>\n\t\t\t\t\t\t\t\t\t\t\t\t\t\t<\/a><br \/>\n\t\t\t\t\t\t\t<a href=\"https:\/\/conomad.es\/wp-content\/uploads\/2020\/07\/conomad-1.jpg\" data-elementor-open-lightbox=\"yes\" data-elementor-lightbox-slideshow=\"all-ba99ed6\" data-elementor-lightbox-title=\"conomad-1\" e-action-hash=\"#elementor-action%3Aaction%3Dlightbox%26settings%3DeyJpZCI6MTkxNywidXJsIjoiaHR0cHM6XC9cL2Nvbm9tYWQuZXNcL3dwLWNvbnRlbnRcL3VwbG9hZHNcLzIwMjBcLzA3XC9jb25vbWFkLTEuanBnIiwic2xpZGVzaG93IjoiYWxsLWJhOTllZDYifQ%3D%3D\"><br \/>\n\t\t\t\t\t\t\t\t\t\t\t\t\t\t<\/a><br \/>\n\t\t\t\t\t\t\t<a href=\"https:\/\/conomad.es\/wp-content\/uploads\/2020\/07\/conomad-2.jpg\" data-elementor-open-lightbox=\"yes\" data-elementor-lightbox-slideshow=\"all-ba99ed6\" data-elementor-lightbox-title=\"conomad-2\" e-action-hash=\"#elementor-action%3Aaction%3Dlightbox%26settings%3DeyJpZCI6MTkxOCwidXJsIjoiaHR0cHM6XC9cL2Nvbm9tYWQuZXNcL3dwLWNvbnRlbnRcL3VwbG9hZHNcLzIwMjBcLzA3XC9jb25vbWFkLTIuanBnIiwic2xpZGVzaG93IjoiYWxsLWJhOTllZDYifQ%3D%3D\"><br \/>\n\t\t\t\t\t\t\t\t\t\t\t\t\t\t<\/a><br \/>\n\t\t\t\t\t\t\t\t\t\t\t\t\t\t\t\t<a href=\"http:\/\/s411330916.mialojamiento.es\/en\/coliving\/bristol-sunset-beach\/\"><br \/>\n\t\t\t\t\t\t\t<img decoding=\"async\" src=\"http:\/\/s411330916.mialojamiento.es\/wp-content\/uploads\/2021\/10\/alojamiento_01.jpg\" title=\"\" alt=\"\" \/>\t\t\t\t\t\t\t\t<\/a><\/p>\n<h2>Bristol Sunset<br \/>Spiaggia.<\/h2>\n<p>Monolocali indipendenti con cucina attrezzata e terrazzo con vista mare.<\/p>\n<p>\t\t\t<a href=\"http:\/\/s411330916.mialojamiento.es\/en\/coliving\/bristol-sunset-beach\/\" role=\"button\"><br \/>\n\t\t\t\t\t\t+ informazione<br \/>\n\t\t\t\t\t<\/a><br \/>\n\t\t\t\t\t\t\t\t\t\t\t\t\t\t\t\t<a href=\"http:\/\/s411330916.mialojamiento.es\/en\/coliving\/shambhala\/\"><br \/>\n\t\t\t\t\t\t\t<img loading=\"lazy\" decoding=\"async\" width=\"400\" height=\"600\" src=\"https:\/\/conomad.es\/wp-content\/uploads\/2021\/10\/alojamiento_02.jpg\" alt=\"\" srcset=\"https:\/\/conomad.es\/wp-content\/uploads\/2021\/10\/alojamiento_02.jpg 400w, https:\/\/conomad.es\/wp-content\/uploads\/2021\/10\/alojamiento_02-200x300.jpg 200w\" sizes=\"auto, (max-width: 400px) 100vw, 400px\" \/>\t\t\t\t\t\t\t\t<\/a><\/p>\n<h2>Shambhala Fuerteventura.<\/h2>\n<p>Complesso turistico con 44 appartamenti situati a 5 minuti dalle migliori spiagge.<\/p>\n<p>\t\t\t<a href=\"http:\/\/s411330916.mialojamiento.es\/en\/coliving\/shambhala\/\" role=\"button\"><br \/>\n\t\t\t\t\t\t+ informazione<br \/>\n\t\t\t\t\t<\/a><br \/>\n\t\t\t\t\t\t\t\t\t\t\t\t\t\t\t\t<a href=\"http:\/\/s411330916.mialojamiento.es\/en\/coliving\/villas-holiday-home\/\"><br \/>\n\t\t\t\t\t\t\t<img loading=\"lazy\" decoding=\"async\" width=\"400\" height=\"600\" src=\"https:\/\/conomad.es\/wp-content\/uploads\/2021\/10\/alojamiento_03.jpg\" alt=\"\" srcset=\"https:\/\/conomad.es\/wp-content\/uploads\/2021\/10\/alojamiento_03.jpg 400w, https:\/\/conomad.es\/wp-content\/uploads\/2021\/10\/alojamiento_03-200x300.jpg 200w\" sizes=\"auto, (max-width: 400px) 100vw, 400px\" \/>\t\t\t\t\t\t\t\t<\/a><\/p>\n<h2>Villas Holidays<br \/>Home.<\/h2>\n<p>Ville con ogni tipo di attrezzatura per i nomadi pi\u00f9 esigenti.<\/p>\n<p>\t\t\t<a href=\"http:\/\/s411330916.mialojamiento.es\/en\/coliving\/villas-holiday-home\/\" role=\"button\"><br \/>\n\t\t\t\t\t\t+ Informazione<br \/>\n\t\t\t\t\t<\/a><\/p>\n<h2>Hai dei dubbi?<br \/>\n<\/h2>\n<h2>Qui vi lasciamo le domande pi\u00f9 frequenti<\/h2>\n<p>\t\t\t\t\t\t\t\t\t\t\t\t<a href=\"\">Ci sono spazi per lavare i panni?<\/a><\/p>\n<p>S\u00ec, abbiamo un servizio di lavanderia in tutti i nostri stabilimenti. Questi spazi hanno sia una lavatrice che un&#8217;asciugatrice (entrambe grandi). Il prezzo \u00e8 di 4\u20ac<\/p>\n<p>\t\t\t\t\t\t\t\t\t\t\t\t<a href=\"\">Che tipo di camere ci sono?<\/a><\/p>\n<p>Ogni struttura dispone di diverse tipologie di camere a seconda delle vostre esigenze. Puoi scegliere tra avere il tuo appartamento privato (cucina-soggiorno, bagno e camera da letto) o una stanza condivisa in un appartamento completamente attrezzato. <\/p>\n<p>\t\t\t\t\t\t\t\t\t\t\t\t<a href=\"\">Cosa hanno gli appartamenti?<\/a><\/p>\n<p>Pensa che queste strutture sono progettate per lunghi soggiorni. In cucina hai tutti i tipi di materiali per cucinare quello che vuoi (macchina per il caff\u00e8, pentole, posate, bicchieri, tazze, spremiagrumi&#8230;). I bagni sono dotati di asciugamani, asciugacapelli,&#8230; e le camere hanno anche un ferro da stiro per i vestiti. <\/p>\n<p>\t\t\t\t\t\t\t\t\t\t\t\t<a href=\"\">C&#8217;\u00e8 atmosfera?<\/a><\/p>\n<p>Hanno tutti ambienti diversi. Bristol Sunset Beach \u00e8 la pi\u00f9 vivace di tutte. Dispone di un bar in mansarda (The Roof), un ristorante a livello della strada (Platanera), piscina, palestra\u2026 Dista solo 7 minuti a piedi dal centro di Corralejo. C&#8217;\u00e8 molta atmosfera ed \u00e8 molto facile incontrare persone. Shambhala, d&#8217;altra parte, \u00e8 un posto molto pi\u00f9 tranquillo e sarai circondato dalla natura. Perfetto per lavorare con concentrazione, scrivere un libro, meditare,&#8230;<\/p>\n<p>\t\t\t\t\t\t\t\t\t\t\t\t\t\t\t<img decoding=\"async\" src=\"https:\/\/conomad.es\/wp-content\/uploads\/elementor\/thumbs\/dudas-pktbytl6inhpxpgoqprvkmlaj614mjjvbu2zzjvmow.jpg\" title=\"dudas\" alt=\"dudas\" \/>\t\t\t\t\t\t\t\t\t\t\t\t\t\t\t<\/p>\n<h2>Hai altre domande? <\/h2>\n<h2>Ti sentiamo.<\/h2>\n<p>Inviaci un WhatsApp al +34 671 026 716 o contattaci via<a style=\"color: #ff6600;\" href=\"mailto:hola@co-nomad.life\">email us anytime<\/a>.<\/p>\n<p>In meno di 48 ore (giorni lavorativi) ti risponderemo.<\/p>","protected":false},"excerpt":{"rendered":"<p>Apartamentos Full equipados En nuestros apartamentos encontrar\u00e1s todo lo que necesites, desde lavavajillas a cafetera. Comunidad \u00danete a nuestra comunidad de N\u00f3madas digitales&#8230;<\/p>","protected":false},"author":2,"featured_media":0,"parent":0,"menu_order":0,"comment_status":"closed","ping_status":"closed","template":"","meta":{"_acf_changed":false,"footnotes":""},"class_list":["post-5590","page","type-page","status-publish","hentry"],"acf":[],"yoast_head":"<!-- This site is optimized with the Yoast SEO plugin v26.6 - https:\/\/yoast.com\/wordpress\/plugins\/seo\/ -->\n<title>Coliving - Conomad<\/title>\n<meta name=\"robots\" content=\"index, follow, max-snippet:-1, max-image-preview:large, max-video-preview:-1\" \/>\n<link rel=\"canonical\" href=\"https:\/\/conomad.es\/en\/coliving-5\/\" \/>\n<meta property=\"og:locale\" content=\"en_GB\" \/>\n<meta property=\"og:type\" content=\"article\" \/>\n<meta property=\"og:title\" content=\"Coliving - Conomad\" \/>\n<meta property=\"og:description\" content=\"Apartamentos Full equipados En nuestros apartamentos encontrar\u00e1s todo lo que necesites, desde lavavajillas a cafetera. Comunidad \u00danete a nuestra comunidad de N\u00f3madas digitales...\" \/>\n<meta property=\"og:url\" content=\"https:\/\/conomad.es\/en\/coliving-5\/\" \/>\n<meta property=\"og:site_name\" content=\"Conomad\" \/>\n<meta property=\"article:publisher\" content=\"https:\/\/www.facebook.com\/CoNomad\/\" \/>\n<meta property=\"article:modified_time\" content=\"2024-04-09T15:57:27+00:00\" \/>\n<meta property=\"og:image\" content=\"https:\/\/conomad.es\/wp-content\/uploads\/2021\/11\/coworking_01.jpg\" \/>\n<meta name=\"twitter:card\" content=\"summary_large_image\" \/>\n<meta name=\"twitter:label1\" content=\"Estimated reading time\" \/>\n\t<meta name=\"twitter:data1\" content=\"6 minutes\" \/>\n<script type=\"application\/ld+json\" class=\"yoast-schema-graph\">{\"@context\":\"https:\/\/schema.org\",\"@graph\":[{\"@type\":\"WebPage\",\"@id\":\"https:\/\/conomad.es\/coliving-5\/\",\"url\":\"https:\/\/conomad.es\/coliving-5\/\",\"name\":\"Coliving - Conomad\",\"isPartOf\":{\"@id\":\"https:\/\/conomad.es\/#website\"},\"primaryImageOfPage\":{\"@id\":\"https:\/\/conomad.es\/coliving-5\/#primaryimage\"},\"image\":{\"@id\":\"https:\/\/conomad.es\/coliving-5\/#primaryimage\"},\"thumbnailUrl\":\"https:\/\/conomad.es\/wp-content\/uploads\/2021\/11\/coworking_01.jpg\",\"datePublished\":\"2022-04-21T16:46:46+00:00\",\"dateModified\":\"2024-04-09T15:57:27+00:00\",\"breadcrumb\":{\"@id\":\"https:\/\/conomad.es\/coliving-5\/#breadcrumb\"},\"inLanguage\":\"en-GB\",\"potentialAction\":[{\"@type\":\"ReadAction\",\"target\":[\"https:\/\/conomad.es\/coliving-5\/\"]}]},{\"@type\":\"ImageObject\",\"inLanguage\":\"en-GB\",\"@id\":\"https:\/\/conomad.es\/coliving-5\/#primaryimage\",\"url\":\"https:\/\/conomad.es\/wp-content\/uploads\/2021\/11\/coworking_01.jpg\",\"contentUrl\":\"https:\/\/conomad.es\/wp-content\/uploads\/2021\/11\/coworking_01.jpg\"},{\"@type\":\"BreadcrumbList\",\"@id\":\"https:\/\/conomad.es\/coliving-5\/#breadcrumb\",\"itemListElement\":[{\"@type\":\"ListItem\",\"position\":1,\"name\":\"Portada\",\"item\":\"https:\/\/conomad.es\/\"},{\"@type\":\"ListItem\",\"position\":2,\"name\":\"Coliving\"}]},{\"@type\":\"WebSite\",\"@id\":\"https:\/\/conomad.es\/#website\",\"url\":\"https:\/\/conomad.es\/\",\"name\":\"Conomad.es\",\"description\":\"Espacios y paquetes dise\u00f1ados para n\u00f3madas digitales en Fuerteventura\",\"publisher\":{\"@id\":\"https:\/\/conomad.es\/#organization\"},\"potentialAction\":[{\"@type\":\"SearchAction\",\"target\":{\"@type\":\"EntryPoint\",\"urlTemplate\":\"https:\/\/conomad.es\/?s={search_term_string}\"},\"query-input\":{\"@type\":\"PropertyValueSpecification\",\"valueRequired\":true,\"valueName\":\"search_term_string\"}}],\"inLanguage\":\"en-GB\"},{\"@type\":\"Organization\",\"@id\":\"https:\/\/conomad.es\/#organization\",\"name\":\"CoNomad Fuerteventura\",\"url\":\"https:\/\/conomad.es\/\",\"logo\":{\"@type\":\"ImageObject\",\"inLanguage\":\"en-GB\",\"@id\":\"https:\/\/conomad.es\/#\/schema\/logo\/image\/\",\"url\":\"https:\/\/conomad.es\/wp-content\/uploads\/2025\/02\/LOGO-CONOMAD-1-1.png\",\"contentUrl\":\"https:\/\/conomad.es\/wp-content\/uploads\/2025\/02\/LOGO-CONOMAD-1-1.png\",\"width\":1499,\"height\":1499,\"caption\":\"CoNomad Fuerteventura\"},\"image\":{\"@id\":\"https:\/\/conomad.es\/#\/schema\/logo\/image\/\"},\"sameAs\":[\"https:\/\/www.facebook.com\/CoNomad\/\",\"https:\/\/www.instagram.com\/conomad.es\/\"]}]}<\/script>\n<!-- \/ Yoast SEO plugin. -->","yoast_head_json":{"title":"Coliving - Conomad","robots":{"index":"index","follow":"follow","max-snippet":"max-snippet:-1","max-image-preview":"max-image-preview:large","max-video-preview":"max-video-preview:-1"},"canonical":"https:\/\/conomad.es\/en\/coliving-5\/","og_locale":"en_GB","og_type":"article","og_title":"Coliving - Conomad","og_description":"Apartamentos Full equipados En nuestros apartamentos encontrar\u00e1s todo lo que necesites, desde lavavajillas a cafetera. Comunidad \u00danete a nuestra comunidad de N\u00f3madas digitales...","og_url":"https:\/\/conomad.es\/en\/coliving-5\/","og_site_name":"Conomad","article_publisher":"https:\/\/www.facebook.com\/CoNomad\/","article_modified_time":"2024-04-09T15:57:27+00:00","og_image":[{"url":"https:\/\/conomad.es\/wp-content\/uploads\/2021\/11\/coworking_01.jpg","type":"","width":"","height":""}],"twitter_card":"summary_large_image","twitter_misc":{"Estimated reading time":"6 minutes"},"schema":{"@context":"https:\/\/schema.org","@graph":[{"@type":"WebPage","@id":"https:\/\/conomad.es\/coliving-5\/","url":"https:\/\/conomad.es\/coliving-5\/","name":"Coliving - Conomad","isPartOf":{"@id":"https:\/\/conomad.es\/#website"},"primaryImageOfPage":{"@id":"https:\/\/conomad.es\/coliving-5\/#primaryimage"},"image":{"@id":"https:\/\/conomad.es\/coliving-5\/#primaryimage"},"thumbnailUrl":"https:\/\/conomad.es\/wp-content\/uploads\/2021\/11\/coworking_01.jpg","datePublished":"2022-04-21T16:46:46+00:00","dateModified":"2024-04-09T15:57:27+00:00","breadcrumb":{"@id":"https:\/\/conomad.es\/coliving-5\/#breadcrumb"},"inLanguage":"en-GB","potentialAction":[{"@type":"ReadAction","target":["https:\/\/conomad.es\/coliving-5\/"]}]},{"@type":"ImageObject","inLanguage":"en-GB","@id":"https:\/\/conomad.es\/coliving-5\/#primaryimage","url":"https:\/\/conomad.es\/wp-content\/uploads\/2021\/11\/coworking_01.jpg","contentUrl":"https:\/\/conomad.es\/wp-content\/uploads\/2021\/11\/coworking_01.jpg"},{"@type":"BreadcrumbList","@id":"https:\/\/conomad.es\/coliving-5\/#breadcrumb","itemListElement":[{"@type":"ListItem","position":1,"name":"Portada","item":"https:\/\/conomad.es\/"},{"@type":"ListItem","position":2,"name":"Coliving"}]},{"@type":"WebSite","@id":"https:\/\/conomad.es\/#website","url":"https:\/\/conomad.es\/","name":"Conomad.es","description":"Espacios y paquetes dise\u00f1ados para n\u00f3madas digitales en Fuerteventura","publisher":{"@id":"https:\/\/conomad.es\/#organization"},"potentialAction":[{"@type":"SearchAction","target":{"@type":"EntryPoint","urlTemplate":"https:\/\/conomad.es\/?s={search_term_string}"},"query-input":{"@type":"PropertyValueSpecification","valueRequired":true,"valueName":"search_term_string"}}],"inLanguage":"en-GB"},{"@type":"Organization","@id":"https:\/\/conomad.es\/#organization","name":"CoNomad Fuerteventura","url":"https:\/\/conomad.es\/","logo":{"@type":"ImageObject","inLanguage":"en-GB","@id":"https:\/\/conomad.es\/#\/schema\/logo\/image\/","url":"https:\/\/conomad.es\/wp-content\/uploads\/2025\/02\/LOGO-CONOMAD-1-1.png","contentUrl":"https:\/\/conomad.es\/wp-content\/uploads\/2025\/02\/LOGO-CONOMAD-1-1.png","width":1499,"height":1499,"caption":"CoNomad Fuerteventura"},"image":{"@id":"https:\/\/conomad.es\/#\/schema\/logo\/image\/"},"sameAs":["https:\/\/www.facebook.com\/CoNomad\/","https:\/\/www.instagram.com\/conomad.es\/"]}]}},"_links":{"self":[{"href":"https:\/\/conomad.es\/en\/wp-json\/wp\/v2\/pages\/5590","targetHints":{"allow":["GET"]}}],"collection":[{"href":"https:\/\/conomad.es\/en\/wp-json\/wp\/v2\/pages"}],"about":[{"href":"https:\/\/conomad.es\/en\/wp-json\/wp\/v2\/types\/page"}],"author":[{"embeddable":true,"href":"https:\/\/conomad.es\/en\/wp-json\/wp\/v2\/users\/2"}],"replies":[{"embeddable":true,"href":"https:\/\/conomad.es\/en\/wp-json\/wp\/v2\/comments?post=5590"}],"version-history":[{"count":10,"href":"https:\/\/conomad.es\/en\/wp-json\/wp\/v2\/pages\/5590\/revisions"}],"predecessor-version":[{"id":6900,"href":"https:\/\/conomad.es\/en\/wp-json\/wp\/v2\/pages\/5590\/revisions\/6900"}],"wp:attachment":[{"href":"https:\/\/conomad.es\/en\/wp-json\/wp\/v2\/media?parent=5590"}],"curies":[{"name":"wp","href":"https:\/\/api.w.org\/{rel}","templated":true}]}}