{"id":4523,"date":"2022-02-17T13:35:44","date_gmt":"2022-02-17T13:35:44","guid":{"rendered":"https:\/\/co-nomad.life\/?page_id=4523"},"modified":"2025-12-16T15:05:28","modified_gmt":"2025-12-16T15:05:28","slug":"politica-de-privacidad","status":"publish","type":"page","link":"https:\/\/conomad.es\/en\/politica-de-privacidad\/","title":{"rendered":"Privacy Policy"},"content":{"rendered":"<div data-elementor-type=\"wp-page\" data-elementor-id=\"4523\" class=\"elementor elementor-4523\">\n\t\t\t\t\t\t<section class=\"elementor-section elementor-top-section elementor-element elementor-element-b3be145 elementor-section-boxed elementor-section-height-default elementor-section-height-default wpr-particle-no wpr-jarallax-no wpr-parallax-no wpr-sticky-section-no\" data-id=\"b3be145\" data-element_type=\"section\">\n\t\t\t\t\t\t<div class=\"elementor-container elementor-column-gap-default\">\n\t\t\t\t\t<div class=\"elementor-column elementor-col-66 elementor-top-column elementor-element elementor-element-47115a8\" data-id=\"47115a8\" data-element_type=\"column\">\n\t\t\t<div class=\"elementor-widget-wrap elementor-element-populated\">\n\t\t\t\t\t\t<div class=\"elementor-element elementor-element-6d1e967 elementor-widget elementor-widget-text-editor\" data-id=\"6d1e967\" data-element_type=\"widget\" data-widget_type=\"text-editor.default\">\n\t\t\t\t<div class=\"elementor-widget-container\">\n\t\t\t\t\t\t\t\t\t<p>La Pol\u00edtica de Privacidad forma parte de las Condiciones Generales que rigen la presente Web.<\/p><p><strong>\u00bfQui\u00e9n es el responsable del tratamiento de tus datos?<\/strong><\/p><p>GRUPO DESTINY HOME, S.L.U.<br \/>Domicilio: Avda. Juan Carlos I, no3, local 4\/5, Corralejo, 35660, La Oliva, Fuerteventura.<br \/>CIF: B76220151<br \/>Tfno: (+34) 828 668 136<br \/>Mail: info@destinyhome.es<\/p><p>Puedes dirigirte de cualquier forma para comunicarte con nosotros.<br \/>Nos reservamos el derecho a modificar o adaptar la presente Pol\u00edtica de Privacidad en cualquier<br \/>momento. Te recomendamos revisar la misma, y si te has registrado y accedes a tu cuenta o perfil, se te<br \/>informar\u00e1 de las modificaciones.<\/p><p>Si eres alguno de los siguientes colectivos, consulta la informaci\u00f3n desplegable:<\/p><p><strong>CLIENTES<\/strong><\/p><p><strong>\u00bfCon que finalidades vamos a tratar sus datos personales?<\/strong><\/p><p>\u2022 Elaboraci\u00f3n del presupuesto y seguimiento del mismo mediante comunicaciones entre ambas<br \/>partes.<br \/>\u2022 Informaci\u00f3n por medios electr\u00f3nicos, que versen sobre tu solicitud.<br \/>\u2022 Informaci\u00f3n comercial o de eventos por medios electr\u00f3nicos, siempre que exista autorizaci\u00f3n<br \/>expresa.<br \/>\u2022 Gestionar los servicios administrativos, de comunicaciones y de log\u00edstica realizados por el<br \/>Responsable.<br \/>\u2022 Facturaci\u00f3n y declaraci\u00f3n de los impuestos oportunos.<br \/>\u2022 Realizar las transacciones que correspondan.<br \/>\u2022 Gestiones de control y recobro.<\/p><p><strong>\u00bfCu\u00e1l es la legitimaci\u00f3n para el tratamiento de tus datos?<\/strong><br \/>La existencia de una relaci\u00f3n contractual entre las partes. El tratamiento es necesario para la ejecuci\u00f3n<br \/>de un contrato en el que el interesado es parte o para la aplicaci\u00f3n a petici\u00f3n de este de medidas<br \/>precontractuales.<\/p><p><strong>\u00bfDurante cu\u00e1nto tiempo vamos a mantener los datos personales?<\/strong><br \/>Durante la vigencia de las relaciones entre las partes y por los plazos de prescripci\u00f3n derivados de las<br \/>mismas.<\/p><p><strong>HUESPEDES<\/strong><br \/><strong>\u00bfCon que finalidades vamos a tratar sus datos personales?<\/strong><\/p><p>Le informamos que sus datos ser\u00e1n tratados con la finalidad de gestionar su reserva, su estancia en el<br \/>hotel y garantizar el pago de los gastos derivados de dicha estancia.<br \/>Sus datos ser\u00e1n comunicados a las Fuerzas y Cuerpos de Seguridad en cumplimiento de lo establecido<br \/>en la legislaci\u00f3n vigente, as\u00ed como a las agencias u operadores de viajes involucrados.<\/p><p>Los datos se mantendr\u00e1n como m\u00ednimo durante 6 a\u00f1os en cumplimiento de las normativas fiscal,<br \/>mercantil, consumo y de libro-registro de viajeros<\/p><p><strong>\u00bfCu\u00e1l es la legitimaci\u00f3n para el tratamiento de tus datos?<\/strong><br \/>La base legal es tu consentimiento y el cumplimiento de las obligaciones legales establecidas por el<br \/>Real Decreto 393\/1974, de 18 de agosto y por la Orden INT\/1922\/2003 de 3 de julio.<\/p><p><strong>CONTACTOS DE LA WEB O DEL CORREO ELECTR\u00d3NICO<\/strong><\/p><p><strong>\u00bfQu\u00e9 datos recopilamos a trav\u00e9s de la Web?<\/strong><br \/>Podemos tratar tu IP, qu\u00e9 sistema operativo o navegador usas, e incluso la duraci\u00f3n de tu visita, de<br \/>forma an\u00f3nima.<br \/>Si nos facilitas datos en el formulario de contacto, te identificar\u00e1s para poder contactar contigo, en caso<br \/>de que sea necesario.<\/p><p><strong>\u00bfCon que finalidades vamos a tratar sus datos personales?<\/strong><br \/>\u2022 Contestar a tus consultas, solicitudes o peticiones.<br \/>\u2022 Gestionar el servicio solicitado, contestar tu solicitud, o tramitar tu petici\u00f3n.<br \/>\u2022 Informaci\u00f3n por medios electr\u00f3nicos, que versen sobre tu solicitud.<br \/>\u2022 Informaci\u00f3n comercial o de eventos por medios electr\u00f3nicos, siempre que exista autorizaci\u00f3n<br \/>expresa.<br \/>\u2022 Realizar an\u00e1lisis y mejoras en la Web, sobre nuestros productos y servicios. Mejorar nuestra<br \/>estrategia comercial.<\/p><p><strong>\u00bfCu\u00e1l es la legitimaci\u00f3n para el tratamiento de tus datos?<\/strong><br \/>La aceptaci\u00f3n y consentimiento del interesado, otorgado a trav\u00e9s de una acci\u00f3n voluntaria, como en los<br \/>casos donde para realizar una solicitud sea necesario cumplimentar un formulario y hacer un \u00abclick\u00bb en<br \/>el bot\u00f3n de enviar, la realizaci\u00f3n del mismo implicar\u00e1 necesariamente que ha sido informado y ha<br \/>otorgado expresamente su consentimiento al contenido de la cl\u00e1usula anexada a dicho formulario o<br \/>aceptaci\u00f3n de la pol\u00edtica de privacidad.<br \/>Todos nuestros formularios cuentan con el s\u00edmbolo * en los datos obligatorios. Si no facilitas esos<br \/>campos, o no marcas el checkbox de aceptaci\u00f3n de la pol\u00edtica de privacidad, no se permitir\u00e1 el env\u00edo de<br \/>la informaci\u00f3n. Normalmente tiene la siguiente f\u00f3rmula: \u201c \u25a1 Soy mayor de 14 y he le\u00eddo y acepto la<br \/>Pol\u00edtica de privacidad.\u201d<\/p><p><strong>\u00bfDurante cu\u00e1nto tiempo vamos a mantener los datos personales?<\/strong><br \/>Hasta la revocaci\u00f3n del consentimiento otorgado.<\/p><p><strong>CONTACTOS DEL NEWSLETTER<\/strong><\/p><p><strong>\u00bfQu\u00e9 datos recopilamos a trav\u00e9s del newsletter?<\/strong><br \/>En la Web, se permite suscribirse al Newsletter, si nos facilitas una direcci\u00f3n de correo electr\u00f3nico, a la<br \/>que se remitir\u00e1 la misma.<br \/>Almacenaremos \u00fanicamente tu email en nuestra base de datos, y procederemos a enviarte correos<br \/>peri\u00f3dicamente, hasta que solicites la baja, o dejemos de enviar correos.<br \/>Siempre tendr\u00e1s la opci\u00f3n de darte de baja, en cualquier comunicaci\u00f3n.<\/p><p><strong>\u00bfCon que finalidades vamos a tratar sus datos personales?<\/strong><br \/>\u2022 Gestionar el servicio solicitado.<br \/>\u2022 Informaci\u00f3n por medios electr\u00f3nicos, que versen sobre tu solicitud.<br \/>\u2022 Informaci\u00f3n comercial o de eventos por medios electr\u00f3nicos, siempre que exista autorizaci\u00f3n<br \/>expresa.<\/p><p>\u2022 Realizar an\u00e1lisis y mejoras en el env\u00edo de mailing, para mejorar nuestra estrategia comercial.<\/p><p><strong>\u00bfCu\u00e1l es la legitimaci\u00f3n para el tratamiento de tus datos?<\/strong><br \/>La aceptaci\u00f3n y consentimiento del interesado. En aquellos casos donde te suscribas ser\u00e1 necesario<br \/>aceptar un checkbox y clicar en el bot\u00f3n de enviar. Ello implicara necesariamente que has sido<br \/>informado y has otorgado expresamente tu consentimiento a la recepci\u00f3n del newsletter.<br \/>Si no marcas el checkbox de aceptaci\u00f3n de la pol\u00edtica de privacidad, no se permitir\u00e1 el env\u00edo de la<br \/>informaci\u00f3n. Normalmente tiene la siguiente f\u00f3rmula: \u201c\u25a1 Soy mayor de 14 y he le\u00eddo y acepto la Pol\u00edtica<br \/>de privacidad.\u201d<\/p><p><strong>\u00bfDurante cu\u00e1nto tiempo vamos a mantener los datos personales?<\/strong><br \/>Hasta la revocaci\u00f3n del consentimiento otorgado.<\/p><p><strong>PROVEEDORES<\/strong><\/p><p><strong>\u00bfCon que finalidades vamos a tratar sus datos personales?<\/strong><br \/>\u2022 Informaci\u00f3n por medios electr\u00f3nicos, que versen sobre tu solicitud.<br \/>\u2022 Informaci\u00f3n comercial o de eventos por medios electr\u00f3nicos, siempre que exista autorizaci\u00f3n<br \/>expresa.<br \/>\u2022 Gestionar los servicios administrativos, de comunicaciones y de log\u00edstica realizados por el<br \/>Responsable.<br \/>\u2022 Facturaci\u00f3n.<br \/>\u2022 Realizar las transacciones que correspondan.<br \/>\u2022 Facturaci\u00f3n y declaraci\u00f3n de los impuestos oportunos.<br \/>\u2022 Gestiones de control y recobro.<\/p><p><strong>\u00bfCu\u00e1l es la legitimaci\u00f3n para el tratamiento de tus datos?<\/strong><br \/>La base legal es la aceptaci\u00f3n de una relaci\u00f3n contractual, o en su defecto tu consentimiento al<br \/>contactar con nosotros u ofrecernos sus productos por alguna v\u00eda.<\/p><p><strong>\u00bfDurante cu\u00e1nto tiempo vamos a mantener los datos personales?<\/strong><br \/>Durante la vigencia de las relaciones entre las partes y por los plazos de prescripci\u00f3n derivados de las<br \/>mismas.<\/p><p><strong>CONTACTOS REDES SOCIALES<\/strong><\/p><p><strong>\u00bfCon que finalidades vamos a tratar sus datos personales?<\/strong><br \/>\u2022 Contestar a tus consultas, solicitudes o peticiones.<br \/>\u2022 Gestionar el servicio solicitado, contestar tu solicitud, o tramitar tu petici\u00f3n.<br \/>\u2022 Relacionarnos contigo y crear una comunidad de seguidores.<\/p><p><strong>\u00bfCu\u00e1l es la legitimaci\u00f3n para el tratamiento de tus datos?<\/strong><br \/>Las bases que legitiman el tratamiento es el consentimiento voluntario del interesado de ponerse en<br \/>contacto y, en su caso, la aceptaci\u00f3n de una relaci\u00f3n contractual en el entorno de la red social que<br \/>corresponda. El tratamiento de los datos dentro de la Red Social se realizar\u00e1 conforme a sus pol\u00edticas de Privacidad.<\/p><p><strong>\u00bfDurante cu\u00e1nto tiempo vamos a mantener los datos personales?<\/strong><br \/>S\u00f3lo podemos consultar o dar de baja tus datos de forma restringida al tener un perfil espec\u00edfico. Los<br \/>trataremos tanto tiempo como tu nos dejes sigui\u00e9ndonos, siendo amigos o d\u00e1ndole a \u201cme gusta\u201d,<br \/>\u201cseguir\u201d o botones similares.<br \/>Cualquier rectificaci\u00f3n de tus datos o restricci\u00f3n de informaci\u00f3n o de publicaciones debes realizarla a<br \/>trav\u00e9s de la configuraci\u00f3n de tu perfil o usuario en la propia red social.<\/p><p><strong>DEMANDANTES DE EMPLEO<\/strong><\/p><p><strong>\u00bfCon que finalidades vamos a tratar sus datos personales?<\/strong><br \/>\u2022 Organizaci\u00f3n de procesos de selecci\u00f3n para la contrataci\u00f3n de empleados.<br \/>\u2022 Citarte para entrevistas de trabajo y evaluar tu candidatura.<br \/>\u2022 Si nos has dado tu consentimiento, se lo podremos ceder a empresas colaboradoras o afines,<br \/>con el \u00fanico objetivo de ayudarte a encontrar empleo.<br \/>\u2022 Si marcas el checkbox de aceptaci\u00f3n de la pol\u00edtica de privacidad, nos das tu consentimiento para<br \/>ceder tu solicitud de empleo a las entidades que componen el grupo de empresas con el objetivo<br \/>de incluirte en sus procesos de selecci\u00f3n de personal<br \/>Asimismo, te comunicamos que transcurrido un a\u00f1o desde la recepci\u00f3n de tu curr\u00edculum vitae,<br \/>procederemos a su destrucci\u00f3n segura.<\/p><p><strong>\u00bfCu\u00e1l es la legitimaci\u00f3n para el tratamiento de tus datos?<\/strong><br \/>La base legal es tu consentimiento inequ\u00edvoco, al enviarnos tu CV.<\/p><p><strong>\u00bfDurante cu\u00e1nto tiempo vamos a mantener los datos personales?<\/strong><br \/>Por un plazo m\u00ednimo de 1 a\u00f1o o hasta la revocaci\u00f3n del consentimiento otorgado.<\/p><p><strong>\u00bfIncluimos datos personales de terceras personas?<\/strong><br \/>No, como norma general s\u00f3lo tratamos los datos que nos facilitan los titulares. Si nos aportas datos de<br \/>terceros, deber\u00e1s con car\u00e1cter previo, informar y solicitar su consentimiento a dichas personas, o de lo<br \/>contrario nos eximes de cualquier responsabilidad por el incumplimiento de \u00e9ste requisito.<\/p><p><strong>\u00bfY datos de menores?<\/strong><br \/>No tratamos datos de menores de 14 a\u00f1os. Por tanto, abst\u00e9ngase de facilitarlos si no tiene esa edad o,<br \/>en su caso, de facilitar datos de terceros que no tengan la citada edad. GRUPO DESTINY HOME,<br \/>S.L.U. se exime de cualquier responsabilidad por el incumplimiento de esta previsi\u00f3n.<\/p><p><strong>\u00bfRealizaremos comunicaciones por medios electr\u00f3nicos?<\/strong><br \/>\u2022 S\u00f3lo se realizar\u00e1n para gestionar tu solicitud, si es uno de los medios de contacto que nos ha<br \/>facilitado.<br \/>\u2022 Si realizamos comunicaciones comerciales habr\u00e1n sido previa y expresamente autorizadas por t\u00ed.<\/p><p><strong>\u00bfQu\u00e9 medidas de seguridad aplicamos?<\/strong><br \/>Puedes estar tranquilo: Hemos adoptado un nivel \u00f3ptimo de protecci\u00f3n de los Datos Personales que<br \/>manejamos, y hemos instalado todos los medios y medidas t\u00e9cnicas a nuestra disposici\u00f3n seg\u00fan el<br \/>estado de la tecnolog\u00eda para evitar la p\u00e9rdida, mal uso, alteraci\u00f3n, acceso no autorizado y robo de los<br \/>Datos Personales.<\/p><p><strong>\u00bfA qu\u00e9 destinatarios se comunicar\u00e1n tus datos?<\/strong><br \/>Tus datos no se ceder\u00e1n a terceros, salvo obligaci\u00f3n legal. En concreto se comunicar\u00e1n a la Agencia<br \/>Estatal de la Administraci\u00f3n Tributaria y a bancos y entidades financieras para el cobro del servicio<br \/>prestado o producto adquirido Como a los encargados del tratamiento necesarios para la ejecuci\u00f3n del<br \/>acuerdo.<br \/>En caso de compra o pago, si eliges alguna aplicaci\u00f3n, web, plataforma, tarjeta bancaria, o alg\u00fan otro<br \/>servicio online, tus datos se ceder\u00e1n a esa plataforma o se tratar\u00e1n en su entorno, siempre con la<br \/>m\u00e1xima seguridad.<br \/>Cuando se lo ordenemos, tendr\u00e1n acceso a nuestra web la empresa de desarrollo y mantenimiento web,<br \/>alojamiento web\/hosting. Las mismas tendr\u00e1n firmado un contrato de prestaci\u00f3n de servicios que les<\/p><p>obliga a mantener el mismo nivel de privacidad que nosotros.<\/p><p><strong>\u00bfQu\u00e9 Derechos tienes?<\/strong><br \/>\u2022 A saber si estamos tratando tus datos o no.<br \/>\u2022 A acceder a tus datos personales.<br \/>\u2022 A solicitar la rectificaci\u00f3n de tus datos si son inexactos.<br \/>\u2022 A solicitar la supresi\u00f3n de tus datos si ya no son necesarios para los fines para los que fueron<br \/>recogidos o si nos retiras el consentimiento otorgado.<br \/>\u2022 A solicitar la limitaci\u00f3n del tratamiento de sus datos, en algunos supuestos, en cuyo caso s\u00f3lo los<br \/>conservaremos de acuerdo con la normativa vigente.<br \/>\u2022 A portar tus datos, que te ser\u00e1n facilitados en un formato estructurado, de uso com\u00fan o lectura<br \/>mec\u00e1nica. Si lo prefieres, se los podemos enviar al nuevo responsable que nos designes. S\u00f3lo<br \/>es v\u00e1lido en determinados supuestos.<br \/>\u2022 A presentar una reclamaci\u00f3n ante la Agencia Espa\u00f1ola de Protecci\u00f3n de Datos o autoridad de<br \/>control competente, si crees que no te hemos atendido correctamente.<br \/>\u2022 A revocar el consentimiento para cualquier tratamiento para el que hayas consentido, en<br \/>cualquier momento.<br \/>Si modificas alg\u00fan dato, te agradecemos que nos lo comuniques para mantenerlos actualizados.<\/p><p><strong>\u00bfQuieres un formulario para el ejercicio de Derechos?<\/strong><br \/>\u2022 Tenemos formularios para el ejercicio de tus derechos, p\u00eddenoslos por email o si lo prefieres,<br \/>puedes usar los elaborados por la Agencia Espa\u00f1ola de Protecci\u00f3n de Datos o terceros.<br \/>\u2022 Estos formularios deben ir firmados electr\u00f3nicamente o ser acompa\u00f1ados de fotocopia del DNI.<br \/>\u2022 Si te representa alguien, debes adjuntarnos copia de su DNI, o que lo firme con su firma<br \/>electr\u00f3nica.<br \/>\u2022 Los formularios pueden ser presentados presencialmente, enviados por carta o por mail en la<br \/>direcci\u00f3n del Responsable al inicio de este texto.<\/p><p><strong>\u00bfCu\u00e1nto tardamos en contestarte al Ejercicio de Derechos?<\/strong><br \/>Depende del derecho, pero como m\u00e1ximo en un mes desde tu solicitud, y dos meses si el tema es muy<br \/>complejo y te notificamos que necesitamos m\u00e1s tiempo.<\/p><p><strong>\u00bfTratamos cookies?<\/strong><br \/>Si usamos otro tipo de cookies que no sean las necesarias, podr\u00e1s consultar la pol\u00edtica de cookies en el<br \/>enlace correspondiente desde el inicio de nuestra web.<\/p><p><strong>\u00bfDurante cu\u00e1nto tiempo vamos a mantener tus datos personales?<\/strong><br \/>\u2022 Los datos personales ser\u00e1n mantenidos mientras sigas vinculado con nosotros.<br \/>\u2022 Una vez te desvincules, los datos personales tratados en cada finalidad se mantendr\u00e1n durante<br \/>los plazos legalmente previstos, incluido el plazo en el que un juez o tribunal los pueda requerir<br \/>atendiendo al plazo de prescripci\u00f3n de acciones judiciales.<br \/>\u2022 Los datos tratados se mantendr\u00e1n en tanto no expiren los plazos legales aludidos anteriormente,<br \/>si hubiera obligaci\u00f3n legal de mantenimiento, o de no existir ese plazo legal, hasta que el<br \/>interesado solicite su supresi\u00f3n o revoque el consentimiento otorgado.<br \/>\u2022 Mantendremos toda la informaci\u00f3n y comunicaciones relativas a tu compra o a la prestaci\u00f3n de<br \/>nuestro servicio, mientras duren las garant\u00edas de los productos o servicios, para atender posibles<\/p><p>reclamaciones.<\/p>\t\t\t\t\t\t\t\t<\/div>\n\t\t\t\t<\/div>\n\t\t\t\t\t<\/div>\n\t\t<\/div>\n\t\t\t\t<div class=\"elementor-column elementor-col-33 elementor-top-column elementor-element elementor-element-93c10cc\" data-id=\"93c10cc\" data-element_type=\"column\">\n\t\t\t<div class=\"elementor-widget-wrap\">\n\t\t\t\t\t\t\t<\/div>\n\t\t<\/div>\n\t\t\t\t\t<\/div>\n\t\t<\/section>\n\t\t\t\t<\/div>","protected":false},"excerpt":{"rendered":"<p>La Pol\u00edtica de Privacidad forma parte de las Condiciones Generales que rigen la presente Web. \u00bfQui\u00e9n es el responsable del tratamiento de tus&#8230;<\/p>","protected":false},"author":2,"featured_media":0,"parent":0,"menu_order":0,"comment_status":"closed","ping_status":"closed","template":"","meta":{"_acf_changed":false,"footnotes":""},"class_list":["post-4523","page","type-page","status-publish","hentry"],"acf":[],"yoast_head":"<!-- This site is optimized with the Yoast SEO plugin v26.6 - https:\/\/yoast.com\/wordpress\/plugins\/seo\/ -->\n<title>Pol\u00edtica de Privacidad - Conomad<\/title>\n<meta name=\"robots\" content=\"index, follow, max-snippet:-1, max-image-preview:large, max-video-preview:-1\" \/>\n<link rel=\"canonical\" href=\"https:\/\/conomad.es\/en\/politica-de-privacidad\/\" \/>\n<meta property=\"og:locale\" content=\"en_GB\" \/>\n<meta property=\"og:type\" content=\"article\" \/>\n<meta property=\"og:title\" content=\"Pol\u00edtica de Privacidad - Conomad\" \/>\n<meta property=\"og:description\" content=\"La Pol\u00edtica de Privacidad forma parte de las Condiciones Generales que rigen la presente Web. \u00bfQui\u00e9n es el responsable del tratamiento de tus...\" \/>\n<meta property=\"og:url\" content=\"https:\/\/conomad.es\/en\/politica-de-privacidad\/\" \/>\n<meta property=\"og:site_name\" content=\"Conomad\" \/>\n<meta property=\"article:publisher\" content=\"https:\/\/www.facebook.com\/CoNomad\/\" \/>\n<meta property=\"article:modified_time\" content=\"2025-12-16T15:05:28+00:00\" \/>\n<meta name=\"twitter:card\" content=\"summary_large_image\" \/>\n<meta name=\"twitter:label1\" content=\"Estimated reading time\" \/>\n\t<meta name=\"twitter:data1\" content=\"10 minutes\" \/>\n<script type=\"application\/ld+json\" class=\"yoast-schema-graph\">{\"@context\":\"https:\/\/schema.org\",\"@graph\":[{\"@type\":\"WebPage\",\"@id\":\"https:\/\/conomad.es\/politica-de-privacidad\/\",\"url\":\"https:\/\/conomad.es\/politica-de-privacidad\/\",\"name\":\"Pol\u00edtica de Privacidad - Conomad\",\"isPartOf\":{\"@id\":\"https:\/\/conomad.es\/#website\"},\"datePublished\":\"2022-02-17T13:35:44+00:00\",\"dateModified\":\"2025-12-16T15:05:28+00:00\",\"breadcrumb\":{\"@id\":\"https:\/\/conomad.es\/politica-de-privacidad\/#breadcrumb\"},\"inLanguage\":\"en-GB\",\"potentialAction\":[{\"@type\":\"ReadAction\",\"target\":[\"https:\/\/conomad.es\/politica-de-privacidad\/\"]}]},{\"@type\":\"BreadcrumbList\",\"@id\":\"https:\/\/conomad.es\/politica-de-privacidad\/#breadcrumb\",\"itemListElement\":[{\"@type\":\"ListItem\",\"position\":1,\"name\":\"Portada\",\"item\":\"https:\/\/conomad.es\/\"},{\"@type\":\"ListItem\",\"position\":2,\"name\":\"Pol\u00edtica de Privacidad\"}]},{\"@type\":\"WebSite\",\"@id\":\"https:\/\/conomad.es\/#website\",\"url\":\"https:\/\/conomad.es\/\",\"name\":\"Conomad.es\",\"description\":\"Espacios y paquetes dise\u00f1ados para n\u00f3madas digitales en Fuerteventura\",\"publisher\":{\"@id\":\"https:\/\/conomad.es\/#organization\"},\"potentialAction\":[{\"@type\":\"SearchAction\",\"target\":{\"@type\":\"EntryPoint\",\"urlTemplate\":\"https:\/\/conomad.es\/?s={search_term_string}\"},\"query-input\":{\"@type\":\"PropertyValueSpecification\",\"valueRequired\":true,\"valueName\":\"search_term_string\"}}],\"inLanguage\":\"en-GB\"},{\"@type\":\"Organization\",\"@id\":\"https:\/\/conomad.es\/#organization\",\"name\":\"CoNomad Fuerteventura\",\"url\":\"https:\/\/conomad.es\/\",\"logo\":{\"@type\":\"ImageObject\",\"inLanguage\":\"en-GB\",\"@id\":\"https:\/\/conomad.es\/#\/schema\/logo\/image\/\",\"url\":\"https:\/\/conomad.es\/wp-content\/uploads\/2025\/02\/LOGO-CONOMAD-1-1.png\",\"contentUrl\":\"https:\/\/conomad.es\/wp-content\/uploads\/2025\/02\/LOGO-CONOMAD-1-1.png\",\"width\":1499,\"height\":1499,\"caption\":\"CoNomad Fuerteventura\"},\"image\":{\"@id\":\"https:\/\/conomad.es\/#\/schema\/logo\/image\/\"},\"sameAs\":[\"https:\/\/www.facebook.com\/CoNomad\/\",\"https:\/\/www.instagram.com\/conomad.es\/\"]}]}<\/script>\n<!-- \/ Yoast SEO plugin. -->","yoast_head_json":{"title":"Pol\u00edtica de Privacidad - Conomad","robots":{"index":"index","follow":"follow","max-snippet":"max-snippet:-1","max-image-preview":"max-image-preview:large","max-video-preview":"max-video-preview:-1"},"canonical":"https:\/\/conomad.es\/en\/politica-de-privacidad\/","og_locale":"en_GB","og_type":"article","og_title":"Pol\u00edtica de Privacidad - Conomad","og_description":"La Pol\u00edtica de Privacidad forma parte de las Condiciones Generales que rigen la presente Web. \u00bfQui\u00e9n es el responsable del tratamiento de tus...","og_url":"https:\/\/conomad.es\/en\/politica-de-privacidad\/","og_site_name":"Conomad","article_publisher":"https:\/\/www.facebook.com\/CoNomad\/","article_modified_time":"2025-12-16T15:05:28+00:00","twitter_card":"summary_large_image","twitter_misc":{"Estimated reading time":"10 minutes"},"schema":{"@context":"https:\/\/schema.org","@graph":[{"@type":"WebPage","@id":"https:\/\/conomad.es\/politica-de-privacidad\/","url":"https:\/\/conomad.es\/politica-de-privacidad\/","name":"Pol\u00edtica de Privacidad - Conomad","isPartOf":{"@id":"https:\/\/conomad.es\/#website"},"datePublished":"2022-02-17T13:35:44+00:00","dateModified":"2025-12-16T15:05:28+00:00","breadcrumb":{"@id":"https:\/\/conomad.es\/politica-de-privacidad\/#breadcrumb"},"inLanguage":"en-GB","potentialAction":[{"@type":"ReadAction","target":["https:\/\/conomad.es\/politica-de-privacidad\/"]}]},{"@type":"BreadcrumbList","@id":"https:\/\/conomad.es\/politica-de-privacidad\/#breadcrumb","itemListElement":[{"@type":"ListItem","position":1,"name":"Portada","item":"https:\/\/conomad.es\/"},{"@type":"ListItem","position":2,"name":"Pol\u00edtica de Privacidad"}]},{"@type":"WebSite","@id":"https:\/\/conomad.es\/#website","url":"https:\/\/conomad.es\/","name":"Conomad.es","description":"Espacios y paquetes dise\u00f1ados para n\u00f3madas digitales en Fuerteventura","publisher":{"@id":"https:\/\/conomad.es\/#organization"},"potentialAction":[{"@type":"SearchAction","target":{"@type":"EntryPoint","urlTemplate":"https:\/\/conomad.es\/?s={search_term_string}"},"query-input":{"@type":"PropertyValueSpecification","valueRequired":true,"valueName":"search_term_string"}}],"inLanguage":"en-GB"},{"@type":"Organization","@id":"https:\/\/conomad.es\/#organization","name":"CoNomad Fuerteventura","url":"https:\/\/conomad.es\/","logo":{"@type":"ImageObject","inLanguage":"en-GB","@id":"https:\/\/conomad.es\/#\/schema\/logo\/image\/","url":"https:\/\/conomad.es\/wp-content\/uploads\/2025\/02\/LOGO-CONOMAD-1-1.png","contentUrl":"https:\/\/conomad.es\/wp-content\/uploads\/2025\/02\/LOGO-CONOMAD-1-1.png","width":1499,"height":1499,"caption":"CoNomad Fuerteventura"},"image":{"@id":"https:\/\/conomad.es\/#\/schema\/logo\/image\/"},"sameAs":["https:\/\/www.facebook.com\/CoNomad\/","https:\/\/www.instagram.com\/conomad.es\/"]}]}},"_links":{"self":[{"href":"https:\/\/conomad.es\/en\/wp-json\/wp\/v2\/pages\/4523","targetHints":{"allow":["GET"]}}],"collection":[{"href":"https:\/\/conomad.es\/en\/wp-json\/wp\/v2\/pages"}],"about":[{"href":"https:\/\/conomad.es\/en\/wp-json\/wp\/v2\/types\/page"}],"author":[{"embeddable":true,"href":"https:\/\/conomad.es\/en\/wp-json\/wp\/v2\/users\/2"}],"replies":[{"embeddable":true,"href":"https:\/\/conomad.es\/en\/wp-json\/wp\/v2\/comments?post=4523"}],"version-history":[{"count":27,"href":"https:\/\/conomad.es\/en\/wp-json\/wp\/v2\/pages\/4523\/revisions"}],"predecessor-version":[{"id":8841,"href":"https:\/\/conomad.es\/en\/wp-json\/wp\/v2\/pages\/4523\/revisions\/8841"}],"wp:attachment":[{"href":"https:\/\/conomad.es\/en\/wp-json\/wp\/v2\/media?parent=4523"}],"curies":[{"name":"wp","href":"https:\/\/api.w.org\/{rel}","templated":true}]}}